{"id":8304,"date":"2021-10-29T11:35:08","date_gmt":"2021-10-29T18:35:08","guid":{"rendered":"https:\/\/studentmentalhealthtoolkit.com\/nouvelle-sous-page-hc-eleves-4-7\/"},"modified":"2023-12-28T18:29:39","modified_gmt":"2023-12-29T02:29:39","slug":"nouvelle-sous-page-hc-eleves-4-7","status":"publish","type":"page","link":"https:\/\/studentmentalhealthtoolkit.com\/fr\/nouvelle-sous-page-hc-eleves-4-7\/","title":{"rendered":"NOUVELLE sous-page H&amp;C : \u00c9l\u00e8ves 4-7"},"content":{"rendered":"<p>La Soci\u00e9t\u00e9 sans stigmatisation n\u2019est pas un organisme d\u2019intervention en situation de crise et s\u2019est toujours concentr\u00e9e sur des programmes de nature \u00e9ducative. Toutefois, si vous ou une personne que vous connaissez avez besoin d\u2019aide pour votre sant\u00e9 mentale en ce moment, vous trouverez ici des ressources de soutien et de crise.<\/p>\n","protected":false},"excerpt":{"rendered":"<p>La Soci\u00e9t\u00e9 sans stigmatisation n\u2019est pas un organisme d\u2019intervention en situation de crise et s\u2019est toujours concentr\u00e9e sur des programmes de nature \u00e9ducative. Toutefois, si vous ou une personne que vous connaissez avez besoin d\u2019aide pour votre sant\u00e9 mentale en ce moment, vous trouverez ici des ressources de soutien et de crise.<\/p>\n","protected":false},"author":2,"featured_media":0,"parent":0,"menu_order":0,"comment_status":"closed","ping_status":"closed","template":"","meta":{"pmpro_default_level":"","_searchwp_excluded":"","_monsterinsights_skip_tracking":false,"_monsterinsights_sitenote_active":false,"_monsterinsights_sitenote_note":"","_monsterinsights_sitenote_category":0,"footnotes":"","_links_to":"","_links_to_target":""},"class_list":["post-8304","page","type-page","status-publish","hentry","pmpro-has-access"],"yoast_head":"<!-- This site is optimized with the Yoast SEO plugin v27.3 - https:\/\/yoast.com\/product\/yoast-seo-wordpress\/ -->\n<title>NOUVELLE sous-page H&amp;C : \u00c9l\u00e8ves 4-7 - Stigma-Free Student Mental Health Toolkit<\/title>\n<meta name=\"robots\" content=\"index, follow, max-snippet:-1, max-image-preview:large, max-video-preview:-1\" \/>\n<link rel=\"canonical\" href=\"https:\/\/studentmentalhealthtoolkit.com\/fr\/nouvelle-sous-page-hc-eleves-4-7\/\" \/>\n<meta property=\"og:locale\" content=\"fr_FR\" \/>\n<meta property=\"og:type\" content=\"article\" \/>\n<meta property=\"og:title\" content=\"NOUVELLE sous-page H&amp;C : \u00c9l\u00e8ves 4-7 - Stigma-Free Student Mental Health Toolkit\" \/>\n<meta property=\"og:description\" content=\"La Soci\u00e9t\u00e9 sans stigmatisation n\u2019est pas un organisme d\u2019intervention en situation de crise et s\u2019est toujours concentr\u00e9e sur des programmes de nature \u00e9ducative. Toutefois, si vous ou une personne que vous connaissez avez besoin d\u2019aide pour votre sant\u00e9 mentale en ce moment, vous trouverez ici des ressources de soutien et de crise.\" \/>\n<meta property=\"og:url\" content=\"https:\/\/studentmentalhealthtoolkit.com\/fr\/nouvelle-sous-page-hc-eleves-4-7\/\" \/>\n<meta property=\"og:site_name\" content=\"Stigma-Free Student Mental Health Toolkit\" \/>\n<meta property=\"article:modified_time\" content=\"2023-12-29T02:29:39+00:00\" \/>\n<meta property=\"og:image\" content=\"https:\/\/studentmentalhealthtoolkit.com\/wp-content\/uploads\/2020\/03\/facebook-logo.png\" \/>\n\t<meta property=\"og:image:width\" content=\"530\" \/>\n\t<meta property=\"og:image:height\" content=\"275\" \/>\n\t<meta property=\"og:image:type\" content=\"image\/png\" \/>\n<meta name=\"twitter:card\" content=\"summary_large_image\" \/>\n<meta name=\"twitter:label1\" content=\"Dur\u00e9e de lecture estim\u00e9e\" \/>\n\t<meta name=\"twitter:data1\" content=\"41 minutes\" \/>\n<script type=\"application\/ld+json\" class=\"yoast-schema-graph\">{\"@context\":\"https:\\\/\\\/schema.org\",\"@graph\":[{\"@type\":\"WebPage\",\"@id\":\"https:\\\/\\\/studentmentalhealthtoolkit.com\\\/fr\\\/nouvelle-sous-page-hc-eleves-4-7\\\/\",\"url\":\"https:\\\/\\\/studentmentalhealthtoolkit.com\\\/fr\\\/nouvelle-sous-page-hc-eleves-4-7\\\/\",\"name\":\"NOUVELLE sous-page H&amp;C : \u00c9l\u00e8ves 4-7 - Stigma-Free Student Mental Health Toolkit\",\"isPartOf\":{\"@id\":\"https:\\\/\\\/studentmentalhealthtoolkit.com\\\/#website\"},\"datePublished\":\"2021-10-29T18:35:08+00:00\",\"dateModified\":\"2023-12-29T02:29:39+00:00\",\"breadcrumb\":{\"@id\":\"https:\\\/\\\/studentmentalhealthtoolkit.com\\\/fr\\\/nouvelle-sous-page-hc-eleves-4-7\\\/#breadcrumb\"},\"inLanguage\":\"fr-FR\",\"potentialAction\":[{\"@type\":\"ReadAction\",\"target\":[\"https:\\\/\\\/studentmentalhealthtoolkit.com\\\/fr\\\/nouvelle-sous-page-hc-eleves-4-7\\\/\"]}]},{\"@type\":\"BreadcrumbList\",\"@id\":\"https:\\\/\\\/studentmentalhealthtoolkit.com\\\/fr\\\/nouvelle-sous-page-hc-eleves-4-7\\\/#breadcrumb\",\"itemListElement\":[{\"@type\":\"ListItem\",\"position\":1,\"name\":\"Home\",\"item\":\"https:\\\/\\\/studentmentalhealthtoolkit.com\\\/fr\\\/page-daccueil\\\/\"},{\"@type\":\"ListItem\",\"position\":2,\"name\":\"NOUVELLE sous-page H&amp;C : \u00c9l\u00e8ves 4-7\"}]},{\"@type\":\"WebSite\",\"@id\":\"https:\\\/\\\/studentmentalhealthtoolkit.com\\\/#website\",\"url\":\"https:\\\/\\\/studentmentalhealthtoolkit.com\\\/\",\"name\":\"Stigma-Free Student Mental Health Toolkit\",\"description\":\"Stigma-Free Society\",\"potentialAction\":[{\"@type\":\"SearchAction\",\"target\":{\"@type\":\"EntryPoint\",\"urlTemplate\":\"https:\\\/\\\/studentmentalhealthtoolkit.com\\\/?s={search_term_string}\"},\"query-input\":{\"@type\":\"PropertyValueSpecification\",\"valueRequired\":true,\"valueName\":\"search_term_string\"}}],\"inLanguage\":\"fr-FR\"}]}<\/script>\n<!-- \/ Yoast SEO plugin. -->","yoast_head_json":{"title":"NOUVELLE sous-page H&amp;C : \u00c9l\u00e8ves 4-7 - Stigma-Free Student Mental Health Toolkit","robots":{"index":"index","follow":"follow","max-snippet":"max-snippet:-1","max-image-preview":"max-image-preview:large","max-video-preview":"max-video-preview:-1"},"canonical":"https:\/\/studentmentalhealthtoolkit.com\/fr\/nouvelle-sous-page-hc-eleves-4-7\/","og_locale":"fr_FR","og_type":"article","og_title":"NOUVELLE sous-page H&amp;C : \u00c9l\u00e8ves 4-7 - Stigma-Free Student Mental Health Toolkit","og_description":"La Soci\u00e9t\u00e9 sans stigmatisation n\u2019est pas un organisme d\u2019intervention en situation de crise et s\u2019est toujours concentr\u00e9e sur des programmes de nature \u00e9ducative. Toutefois, si vous ou une personne que vous connaissez avez besoin d\u2019aide pour votre sant\u00e9 mentale en ce moment, vous trouverez ici des ressources de soutien et de crise.","og_url":"https:\/\/studentmentalhealthtoolkit.com\/fr\/nouvelle-sous-page-hc-eleves-4-7\/","og_site_name":"Stigma-Free Student Mental Health Toolkit","article_modified_time":"2023-12-29T02:29:39+00:00","og_image":[{"width":530,"height":275,"url":"https:\/\/studentmentalhealthtoolkit.com\/wp-content\/uploads\/2020\/03\/facebook-logo.png","type":"image\/png"}],"twitter_card":"summary_large_image","twitter_misc":{"Dur\u00e9e de lecture estim\u00e9e":"41 minutes"},"schema":{"@context":"https:\/\/schema.org","@graph":[{"@type":"WebPage","@id":"https:\/\/studentmentalhealthtoolkit.com\/fr\/nouvelle-sous-page-hc-eleves-4-7\/","url":"https:\/\/studentmentalhealthtoolkit.com\/fr\/nouvelle-sous-page-hc-eleves-4-7\/","name":"NOUVELLE sous-page H&amp;C : \u00c9l\u00e8ves 4-7 - Stigma-Free Student Mental Health Toolkit","isPartOf":{"@id":"https:\/\/studentmentalhealthtoolkit.com\/#website"},"datePublished":"2021-10-29T18:35:08+00:00","dateModified":"2023-12-29T02:29:39+00:00","breadcrumb":{"@id":"https:\/\/studentmentalhealthtoolkit.com\/fr\/nouvelle-sous-page-hc-eleves-4-7\/#breadcrumb"},"inLanguage":"fr-FR","potentialAction":[{"@type":"ReadAction","target":["https:\/\/studentmentalhealthtoolkit.com\/fr\/nouvelle-sous-page-hc-eleves-4-7\/"]}]},{"@type":"BreadcrumbList","@id":"https:\/\/studentmentalhealthtoolkit.com\/fr\/nouvelle-sous-page-hc-eleves-4-7\/#breadcrumb","itemListElement":[{"@type":"ListItem","position":1,"name":"Home","item":"https:\/\/studentmentalhealthtoolkit.com\/fr\/page-daccueil\/"},{"@type":"ListItem","position":2,"name":"NOUVELLE sous-page H&amp;C : \u00c9l\u00e8ves 4-7"}]},{"@type":"WebSite","@id":"https:\/\/studentmentalhealthtoolkit.com\/#website","url":"https:\/\/studentmentalhealthtoolkit.com\/","name":"Stigma-Free Student Mental Health Toolkit","description":"Stigma-Free Society","potentialAction":[{"@type":"SearchAction","target":{"@type":"EntryPoint","urlTemplate":"https:\/\/studentmentalhealthtoolkit.com\/?s={search_term_string}"},"query-input":{"@type":"PropertyValueSpecification","valueRequired":true,"valueName":"search_term_string"}}],"inLanguage":"fr-FR"}]}},"_links":{"self":[{"href":"https:\/\/studentmentalhealthtoolkit.com\/fr\/wp-json\/wp\/v2\/pages\/8304","targetHints":{"allow":["GET"]}}],"collection":[{"href":"https:\/\/studentmentalhealthtoolkit.com\/fr\/wp-json\/wp\/v2\/pages"}],"about":[{"href":"https:\/\/studentmentalhealthtoolkit.com\/fr\/wp-json\/wp\/v2\/types\/page"}],"author":[{"embeddable":true,"href":"https:\/\/studentmentalhealthtoolkit.com\/fr\/wp-json\/wp\/v2\/users\/2"}],"replies":[{"embeddable":true,"href":"https:\/\/studentmentalhealthtoolkit.com\/fr\/wp-json\/wp\/v2\/comments?post=8304"}],"version-history":[{"count":8,"href":"https:\/\/studentmentalhealthtoolkit.com\/fr\/wp-json\/wp\/v2\/pages\/8304\/revisions"}],"predecessor-version":[{"id":9002,"href":"https:\/\/studentmentalhealthtoolkit.com\/fr\/wp-json\/wp\/v2\/pages\/8304\/revisions\/9002"}],"wp:attachment":[{"href":"https:\/\/studentmentalhealthtoolkit.com\/fr\/wp-json\/wp\/v2\/media?parent=8304"}],"curies":[{"name":"wp","href":"https:\/\/api.w.org\/{rel}","templated":true}]}}