{"id":8198,"date":"2021-07-19T15:07:22","date_gmt":"2021-07-19T22:07:22","guid":{"rendered":"https:\/\/studentmentalhealthtoolkit.com\/compte-dadherent\/informations-sur-ladhesion\/"},"modified":"2024-08-26T08:19:40","modified_gmt":"2024-08-26T15:19:40","slug":"informations-sur-ladhesion","status":"publish","type":"page","link":"https:\/\/studentmentalhealthtoolkit.com\/fr\/compte-dadherent\/informations-sur-ladhesion\/","title":{"rendered":"Informations sur l&rsquo;abonnement"},"content":{"rendered":"<p>La Soci\u00e9t\u00e9 sans stigmatisation propose aux \u00e9coles un programme unique qui comprend non seulement une bo\u00eete \u00e0 outils pour la sant\u00e9 mentale des \u00e9l\u00e8ves solide et attrayante, mais aussi des pr\u00e9sentations virtuelles uniques sur le th\u00e8me de la lutte contre la stigmatisation. Sur cette page, vous pouvez vous inscrire en tant que membre et r\u00e9server des pr\u00e9sentations.<\/p>\n","protected":false},"excerpt":{"rendered":"<p>La Soci\u00e9t\u00e9 sans stigmatisation propose aux \u00e9coles un programme unique qui comprend non seulement une bo\u00eete \u00e0 outils pour la sant\u00e9 mentale des \u00e9l\u00e8ves solide et attrayante, mais aussi des pr\u00e9sentations virtuelles uniques sur le th\u00e8me de la lutte contre la stigmatisation. Sur cette page, vous pouvez vous inscrire en tant que membre et r\u00e9server des pr\u00e9sentations.<\/p>\n","protected":false},"author":2,"featured_media":0,"parent":7202,"menu_order":0,"comment_status":"closed","ping_status":"closed","template":"","meta":{"pmpro_default_level":"","_searchwp_excluded":"","_monsterinsights_skip_tracking":false,"_monsterinsights_sitenote_active":false,"_monsterinsights_sitenote_note":"","_monsterinsights_sitenote_category":0,"footnotes":"","_links_to":"","_links_to_target":""},"class_list":["post-8198","page","type-page","status-publish","hentry","pmpro-has-access"],"yoast_head":"<!-- This site is optimized with the Yoast SEO plugin v27.4 - https:\/\/yoast.com\/product\/yoast-seo-wordpress\/ -->\n<title>Informations sur l&#039;abonnement - Stigma-Free Student Mental Health Toolkit<\/title>\n<meta name=\"robots\" content=\"index, follow, max-snippet:-1, max-image-preview:large, max-video-preview:-1\" \/>\n<link rel=\"canonical\" href=\"https:\/\/studentmentalhealthtoolkit.com\/fr\/compte-dadherent\/informations-sur-ladhesion\/\" \/>\n<meta property=\"og:locale\" content=\"fr_FR\" \/>\n<meta property=\"og:type\" content=\"article\" \/>\n<meta property=\"og:title\" content=\"Informations sur l&#039;abonnement - Stigma-Free Student Mental Health Toolkit\" \/>\n<meta property=\"og:description\" content=\"La Soci\u00e9t\u00e9 sans stigmatisation propose aux \u00e9coles un programme unique qui comprend non seulement une bo\u00eete \u00e0 outils pour la sant\u00e9 mentale des \u00e9l\u00e8ves solide et attrayante, mais aussi des pr\u00e9sentations virtuelles uniques sur le th\u00e8me de la lutte contre la stigmatisation. Sur cette page, vous pouvez vous inscrire en tant que membre et r\u00e9server des pr\u00e9sentations.\" \/>\n<meta property=\"og:url\" content=\"https:\/\/studentmentalhealthtoolkit.com\/fr\/compte-dadherent\/informations-sur-ladhesion\/\" \/>\n<meta property=\"og:site_name\" content=\"Stigma-Free Student Mental Health Toolkit\" \/>\n<meta property=\"article:modified_time\" content=\"2024-08-26T15:19:40+00:00\" \/>\n<meta property=\"og:image\" content=\"https:\/\/studentmentalhealthtoolkit.com\/wp-content\/uploads\/2020\/03\/facebook-logo.png\" \/>\n\t<meta property=\"og:image:width\" content=\"530\" \/>\n\t<meta property=\"og:image:height\" content=\"275\" \/>\n\t<meta property=\"og:image:type\" content=\"image\/png\" \/>\n<meta name=\"twitter:card\" content=\"summary_large_image\" \/>\n<meta name=\"twitter:label1\" content=\"Dur\u00e9e de lecture estim\u00e9e\" \/>\n\t<meta name=\"twitter:data1\" content=\"7 minutes\" \/>\n<script type=\"application\/ld+json\" class=\"yoast-schema-graph\">{\"@context\":\"https:\\\/\\\/schema.org\",\"@graph\":[{\"@type\":\"WebPage\",\"@id\":\"https:\\\/\\\/studentmentalhealthtoolkit.com\\\/fr\\\/compte-dadherent\\\/informations-sur-ladhesion\\\/\",\"url\":\"https:\\\/\\\/studentmentalhealthtoolkit.com\\\/fr\\\/compte-dadherent\\\/informations-sur-ladhesion\\\/\",\"name\":\"Informations sur l'abonnement - Stigma-Free Student Mental Health Toolkit\",\"isPartOf\":{\"@id\":\"https:\\\/\\\/studentmentalhealthtoolkit.com\\\/#website\"},\"datePublished\":\"2021-07-19T22:07:22+00:00\",\"dateModified\":\"2024-08-26T15:19:40+00:00\",\"breadcrumb\":{\"@id\":\"https:\\\/\\\/studentmentalhealthtoolkit.com\\\/fr\\\/compte-dadherent\\\/informations-sur-ladhesion\\\/#breadcrumb\"},\"inLanguage\":\"fr-FR\",\"potentialAction\":[{\"@type\":\"ReadAction\",\"target\":[\"https:\\\/\\\/studentmentalhealthtoolkit.com\\\/fr\\\/compte-dadherent\\\/informations-sur-ladhesion\\\/\"]}]},{\"@type\":\"BreadcrumbList\",\"@id\":\"https:\\\/\\\/studentmentalhealthtoolkit.com\\\/fr\\\/compte-dadherent\\\/informations-sur-ladhesion\\\/#breadcrumb\",\"itemListElement\":[{\"@type\":\"ListItem\",\"position\":1,\"name\":\"Home\",\"item\":\"https:\\\/\\\/studentmentalhealthtoolkit.com\\\/fr\\\/page-daccueil\\\/\"},{\"@type\":\"ListItem\",\"position\":2,\"name\":\"Compte membre\",\"item\":\"https:\\\/\\\/studentmentalhealthtoolkit.com\\\/fr\\\/compte-dadherent\\\/\"},{\"@type\":\"ListItem\",\"position\":3,\"name\":\"Informations sur l&#8217;abonnement\"}]},{\"@type\":\"WebSite\",\"@id\":\"https:\\\/\\\/studentmentalhealthtoolkit.com\\\/#website\",\"url\":\"https:\\\/\\\/studentmentalhealthtoolkit.com\\\/\",\"name\":\"Stigma-Free Student Mental Health Toolkit\",\"description\":\"Stigma-Free Society\",\"potentialAction\":[{\"@type\":\"SearchAction\",\"target\":{\"@type\":\"EntryPoint\",\"urlTemplate\":\"https:\\\/\\\/studentmentalhealthtoolkit.com\\\/?s={search_term_string}\"},\"query-input\":{\"@type\":\"PropertyValueSpecification\",\"valueRequired\":true,\"valueName\":\"search_term_string\"}}],\"inLanguage\":\"fr-FR\"}]}<\/script>\n<!-- \/ Yoast SEO plugin. -->","yoast_head_json":{"title":"Informations sur l'abonnement - Stigma-Free Student Mental Health Toolkit","robots":{"index":"index","follow":"follow","max-snippet":"max-snippet:-1","max-image-preview":"max-image-preview:large","max-video-preview":"max-video-preview:-1"},"canonical":"https:\/\/studentmentalhealthtoolkit.com\/fr\/compte-dadherent\/informations-sur-ladhesion\/","og_locale":"fr_FR","og_type":"article","og_title":"Informations sur l'abonnement - Stigma-Free Student Mental Health Toolkit","og_description":"La Soci\u00e9t\u00e9 sans stigmatisation propose aux \u00e9coles un programme unique qui comprend non seulement une bo\u00eete \u00e0 outils pour la sant\u00e9 mentale des \u00e9l\u00e8ves solide et attrayante, mais aussi des pr\u00e9sentations virtuelles uniques sur le th\u00e8me de la lutte contre la stigmatisation. Sur cette page, vous pouvez vous inscrire en tant que membre et r\u00e9server des pr\u00e9sentations.","og_url":"https:\/\/studentmentalhealthtoolkit.com\/fr\/compte-dadherent\/informations-sur-ladhesion\/","og_site_name":"Stigma-Free Student Mental Health Toolkit","article_modified_time":"2024-08-26T15:19:40+00:00","og_image":[{"width":530,"height":275,"url":"https:\/\/studentmentalhealthtoolkit.com\/wp-content\/uploads\/2020\/03\/facebook-logo.png","type":"image\/png"}],"twitter_card":"summary_large_image","twitter_misc":{"Dur\u00e9e de lecture estim\u00e9e":"7 minutes"},"schema":{"@context":"https:\/\/schema.org","@graph":[{"@type":"WebPage","@id":"https:\/\/studentmentalhealthtoolkit.com\/fr\/compte-dadherent\/informations-sur-ladhesion\/","url":"https:\/\/studentmentalhealthtoolkit.com\/fr\/compte-dadherent\/informations-sur-ladhesion\/","name":"Informations sur l'abonnement - Stigma-Free Student Mental Health Toolkit","isPartOf":{"@id":"https:\/\/studentmentalhealthtoolkit.com\/#website"},"datePublished":"2021-07-19T22:07:22+00:00","dateModified":"2024-08-26T15:19:40+00:00","breadcrumb":{"@id":"https:\/\/studentmentalhealthtoolkit.com\/fr\/compte-dadherent\/informations-sur-ladhesion\/#breadcrumb"},"inLanguage":"fr-FR","potentialAction":[{"@type":"ReadAction","target":["https:\/\/studentmentalhealthtoolkit.com\/fr\/compte-dadherent\/informations-sur-ladhesion\/"]}]},{"@type":"BreadcrumbList","@id":"https:\/\/studentmentalhealthtoolkit.com\/fr\/compte-dadherent\/informations-sur-ladhesion\/#breadcrumb","itemListElement":[{"@type":"ListItem","position":1,"name":"Home","item":"https:\/\/studentmentalhealthtoolkit.com\/fr\/page-daccueil\/"},{"@type":"ListItem","position":2,"name":"Compte membre","item":"https:\/\/studentmentalhealthtoolkit.com\/fr\/compte-dadherent\/"},{"@type":"ListItem","position":3,"name":"Informations sur l&#8217;abonnement"}]},{"@type":"WebSite","@id":"https:\/\/studentmentalhealthtoolkit.com\/#website","url":"https:\/\/studentmentalhealthtoolkit.com\/","name":"Stigma-Free Student Mental Health Toolkit","description":"Stigma-Free Society","potentialAction":[{"@type":"SearchAction","target":{"@type":"EntryPoint","urlTemplate":"https:\/\/studentmentalhealthtoolkit.com\/?s={search_term_string}"},"query-input":{"@type":"PropertyValueSpecification","valueRequired":true,"valueName":"search_term_string"}}],"inLanguage":"fr-FR"}]}},"_links":{"self":[{"href":"https:\/\/studentmentalhealthtoolkit.com\/fr\/wp-json\/wp\/v2\/pages\/8198","targetHints":{"allow":["GET"]}}],"collection":[{"href":"https:\/\/studentmentalhealthtoolkit.com\/fr\/wp-json\/wp\/v2\/pages"}],"about":[{"href":"https:\/\/studentmentalhealthtoolkit.com\/fr\/wp-json\/wp\/v2\/types\/page"}],"author":[{"embeddable":true,"href":"https:\/\/studentmentalhealthtoolkit.com\/fr\/wp-json\/wp\/v2\/users\/2"}],"replies":[{"embeddable":true,"href":"https:\/\/studentmentalhealthtoolkit.com\/fr\/wp-json\/wp\/v2\/comments?post=8198"}],"version-history":[{"count":15,"href":"https:\/\/studentmentalhealthtoolkit.com\/fr\/wp-json\/wp\/v2\/pages\/8198\/revisions"}],"predecessor-version":[{"id":9044,"href":"https:\/\/studentmentalhealthtoolkit.com\/fr\/wp-json\/wp\/v2\/pages\/8198\/revisions\/9044"}],"up":[{"embeddable":true,"href":"https:\/\/studentmentalhealthtoolkit.com\/fr\/wp-json\/wp\/v2\/pages\/7202"}],"wp:attachment":[{"href":"https:\/\/studentmentalhealthtoolkit.com\/fr\/wp-json\/wp\/v2\/media?parent=8198"}],"curies":[{"name":"wp","href":"https:\/\/api.w.org\/{rel}","templated":true}]}}