{"id":7614,"date":"2020-03-28T13:06:59","date_gmt":"2020-03-28T20:06:59","guid":{"rendered":"https:\/\/studentmentalhealthtoolkit.com\/le-coin-des-jeunes\/"},"modified":"2024-08-29T07:31:04","modified_gmt":"2024-08-29T14:31:04","slug":"le-coin-des-jeunes","status":"publish","type":"page","link":"https:\/\/studentmentalhealthtoolkit.com\/fr\/le-coin-des-jeunes\/","title":{"rendered":"Le coin jeunesse"},"content":{"rendered":"<p>Le coin jeunesse est une section de notre boite \u00e0 outils pour la sant\u00e9 mentale des \u00e9l\u00e8ves qui s\u2019adresse aux jeunes, aux \u00e9ducateurs et \u00e9ducatrices, aux conseill\u00e8res et conseillers scolaires et aux parents\/tuteurs et tutrices qui veulent enseigner et promouvoir le bien-\u00eatre mental pour les \u00e9l\u00e8ves de la 4e \u00e0 la 7e ann\u00e9e. Consultez nos plans de cours, nos vid\u00e9os, nos ressources t\u00e9l\u00e9chargeables et bien plus encore !<\/p>\n","protected":false},"excerpt":{"rendered":"<p>Le coin jeunesse est une section de notre boite \u00e0 outils pour la sant\u00e9 mentale des \u00e9l\u00e8ves qui s\u2019adresse aux jeunes, aux \u00e9ducateurs et \u00e9ducatrices, aux conseill\u00e8res et conseillers scolaires et aux parents\/tuteurs et tutrices qui veulent enseigner et promouvoir le bien-\u00eatre mental pour les \u00e9l\u00e8ves de la 4e \u00e0 la 7e ann\u00e9e. Consultez nos plans de cours, nos vid\u00e9os, nos ressources t\u00e9l\u00e9chargeables et bien plus encore !<\/p>\n","protected":false},"author":1,"featured_media":0,"parent":0,"menu_order":0,"comment_status":"closed","ping_status":"closed","template":"","meta":{"pmpro_default_level":"","_searchwp_excluded":"","_monsterinsights_skip_tracking":false,"_monsterinsights_sitenote_active":false,"_monsterinsights_sitenote_note":"","_monsterinsights_sitenote_category":0,"footnotes":"","_links_to":"","_links_to_target":""},"class_list":["post-7614","page","type-page","status-publish","hentry","pmpro-has-access"],"yoast_head":"<!-- This site is optimized with the Yoast SEO plugin v27.4 - https:\/\/yoast.com\/product\/yoast-seo-wordpress\/ -->\n<title>La bo\u00eete \u00e0 outils pour la sant\u00e9 mentale des \u00e9l\u00e8ves \u2014 Le coin jeunesse | Soci\u00e9t\u00e9 sans stigmatisation<\/title>\n<meta name=\"description\" content=\"Cette version de notre populaire bo\u00eete \u00e0 outils pour la sant\u00e9 mentale des \u00e9l\u00e8ves est sp\u00e9cialement con\u00e7ue pour les \u00e9l\u00e8ves de la 4e \u00e0 la 7e ann\u00e9e. Vid\u00e9os documentaires, sujets relatifs \u00e0 la sant\u00e9 mentale, histoires personnelles et plus encore\" \/>\n<meta name=\"robots\" content=\"index, follow, max-snippet:-1, max-image-preview:large, max-video-preview:-1\" \/>\n<link rel=\"canonical\" href=\"https:\/\/studentmentalhealthtoolkit.com\/fr\/le-coin-des-jeunes\/\" \/>\n<meta property=\"og:locale\" content=\"fr_FR\" \/>\n<meta property=\"og:type\" content=\"article\" \/>\n<meta property=\"og:title\" content=\"La bo\u00eete \u00e0 outils pour la sant\u00e9 mentale des \u00e9l\u00e8ves \u2014 Le coin jeunesse | Soci\u00e9t\u00e9 sans stigmatisation\" \/>\n<meta property=\"og:description\" content=\"Cette version de notre populaire bo\u00eete \u00e0 outils pour la sant\u00e9 mentale des \u00e9l\u00e8ves est sp\u00e9cialement con\u00e7ue pour les \u00e9l\u00e8ves de la 4e \u00e0 la 7e ann\u00e9e. Vid\u00e9os documentaires, sujets relatifs \u00e0 la sant\u00e9 mentale, histoires personnelles et plus encore\" \/>\n<meta property=\"og:url\" content=\"https:\/\/studentmentalhealthtoolkit.com\/fr\/le-coin-des-jeunes\/\" \/>\n<meta property=\"og:site_name\" content=\"Stigma-Free Student Mental Health Toolkit\" \/>\n<meta property=\"article:modified_time\" content=\"2024-08-29T14:31:04+00:00\" \/>\n<meta property=\"og:image\" content=\"https:\/\/studentmentalhealthtoolkit.com\/wp-content\/uploads\/2020\/03\/facebook-logo.png\" \/>\n\t<meta property=\"og:image:width\" content=\"530\" \/>\n\t<meta property=\"og:image:height\" content=\"275\" \/>\n\t<meta property=\"og:image:type\" content=\"image\/png\" \/>\n<meta name=\"twitter:card\" content=\"summary_large_image\" \/>\n<meta name=\"twitter:label1\" content=\"Dur\u00e9e de lecture estim\u00e9e\" \/>\n\t<meta name=\"twitter:data1\" content=\"8 minutes\" \/>\n<script type=\"application\/ld+json\" class=\"yoast-schema-graph\">{\"@context\":\"https:\\\/\\\/schema.org\",\"@graph\":[{\"@type\":\"WebPage\",\"@id\":\"https:\\\/\\\/studentmentalhealthtoolkit.com\\\/fr\\\/le-coin-des-jeunes\\\/\",\"url\":\"https:\\\/\\\/studentmentalhealthtoolkit.com\\\/fr\\\/le-coin-des-jeunes\\\/\",\"name\":\"La bo\u00eete \u00e0 outils pour la sant\u00e9 mentale des \u00e9l\u00e8ves \u2014 Le coin jeunesse | Soci\u00e9t\u00e9 sans stigmatisation\",\"isPartOf\":{\"@id\":\"https:\\\/\\\/studentmentalhealthtoolkit.com\\\/#website\"},\"datePublished\":\"2020-03-28T20:06:59+00:00\",\"dateModified\":\"2024-08-29T14:31:04+00:00\",\"description\":\"Cette version de notre populaire bo\u00eete \u00e0 outils pour la sant\u00e9 mentale des \u00e9l\u00e8ves est sp\u00e9cialement con\u00e7ue pour les \u00e9l\u00e8ves de la 4e \u00e0 la 7e ann\u00e9e. Vid\u00e9os documentaires, sujets relatifs \u00e0 la sant\u00e9 mentale, histoires personnelles et plus encore\",\"breadcrumb\":{\"@id\":\"https:\\\/\\\/studentmentalhealthtoolkit.com\\\/fr\\\/le-coin-des-jeunes\\\/#breadcrumb\"},\"inLanguage\":\"fr-FR\",\"potentialAction\":[{\"@type\":\"ReadAction\",\"target\":[\"https:\\\/\\\/studentmentalhealthtoolkit.com\\\/fr\\\/le-coin-des-jeunes\\\/\"]}]},{\"@type\":\"BreadcrumbList\",\"@id\":\"https:\\\/\\\/studentmentalhealthtoolkit.com\\\/fr\\\/le-coin-des-jeunes\\\/#breadcrumb\",\"itemListElement\":[{\"@type\":\"ListItem\",\"position\":1,\"name\":\"Home\",\"item\":\"https:\\\/\\\/studentmentalhealthtoolkit.com\\\/fr\\\/page-daccueil\\\/\"},{\"@type\":\"ListItem\",\"position\":2,\"name\":\"Le coin jeunesse\"}]},{\"@type\":\"WebSite\",\"@id\":\"https:\\\/\\\/studentmentalhealthtoolkit.com\\\/#website\",\"url\":\"https:\\\/\\\/studentmentalhealthtoolkit.com\\\/\",\"name\":\"Stigma-Free Student Mental Health Toolkit\",\"description\":\"Stigma-Free Society\",\"potentialAction\":[{\"@type\":\"SearchAction\",\"target\":{\"@type\":\"EntryPoint\",\"urlTemplate\":\"https:\\\/\\\/studentmentalhealthtoolkit.com\\\/?s={search_term_string}\"},\"query-input\":{\"@type\":\"PropertyValueSpecification\",\"valueRequired\":true,\"valueName\":\"search_term_string\"}}],\"inLanguage\":\"fr-FR\"}]}<\/script>\n<!-- \/ Yoast SEO plugin. -->","yoast_head_json":{"title":"La bo\u00eete \u00e0 outils pour la sant\u00e9 mentale des \u00e9l\u00e8ves \u2014 Le coin jeunesse | Soci\u00e9t\u00e9 sans stigmatisation","description":"Cette version de notre populaire bo\u00eete \u00e0 outils pour la sant\u00e9 mentale des \u00e9l\u00e8ves est sp\u00e9cialement con\u00e7ue pour les \u00e9l\u00e8ves de la 4e \u00e0 la 7e ann\u00e9e. Vid\u00e9os documentaires, sujets relatifs \u00e0 la sant\u00e9 mentale, histoires personnelles et plus encore","robots":{"index":"index","follow":"follow","max-snippet":"max-snippet:-1","max-image-preview":"max-image-preview:large","max-video-preview":"max-video-preview:-1"},"canonical":"https:\/\/studentmentalhealthtoolkit.com\/fr\/le-coin-des-jeunes\/","og_locale":"fr_FR","og_type":"article","og_title":"La bo\u00eete \u00e0 outils pour la sant\u00e9 mentale des \u00e9l\u00e8ves \u2014 Le coin jeunesse | Soci\u00e9t\u00e9 sans stigmatisation","og_description":"Cette version de notre populaire bo\u00eete \u00e0 outils pour la sant\u00e9 mentale des \u00e9l\u00e8ves est sp\u00e9cialement con\u00e7ue pour les \u00e9l\u00e8ves de la 4e \u00e0 la 7e ann\u00e9e. Vid\u00e9os documentaires, sujets relatifs \u00e0 la sant\u00e9 mentale, histoires personnelles et plus encore","og_url":"https:\/\/studentmentalhealthtoolkit.com\/fr\/le-coin-des-jeunes\/","og_site_name":"Stigma-Free Student Mental Health Toolkit","article_modified_time":"2024-08-29T14:31:04+00:00","og_image":[{"width":530,"height":275,"url":"https:\/\/studentmentalhealthtoolkit.com\/wp-content\/uploads\/2020\/03\/facebook-logo.png","type":"image\/png"}],"twitter_card":"summary_large_image","twitter_misc":{"Dur\u00e9e de lecture estim\u00e9e":"8 minutes"},"schema":{"@context":"https:\/\/schema.org","@graph":[{"@type":"WebPage","@id":"https:\/\/studentmentalhealthtoolkit.com\/fr\/le-coin-des-jeunes\/","url":"https:\/\/studentmentalhealthtoolkit.com\/fr\/le-coin-des-jeunes\/","name":"La bo\u00eete \u00e0 outils pour la sant\u00e9 mentale des \u00e9l\u00e8ves \u2014 Le coin jeunesse | Soci\u00e9t\u00e9 sans stigmatisation","isPartOf":{"@id":"https:\/\/studentmentalhealthtoolkit.com\/#website"},"datePublished":"2020-03-28T20:06:59+00:00","dateModified":"2024-08-29T14:31:04+00:00","description":"Cette version de notre populaire bo\u00eete \u00e0 outils pour la sant\u00e9 mentale des \u00e9l\u00e8ves est sp\u00e9cialement con\u00e7ue pour les \u00e9l\u00e8ves de la 4e \u00e0 la 7e ann\u00e9e. Vid\u00e9os documentaires, sujets relatifs \u00e0 la sant\u00e9 mentale, histoires personnelles et plus encore","breadcrumb":{"@id":"https:\/\/studentmentalhealthtoolkit.com\/fr\/le-coin-des-jeunes\/#breadcrumb"},"inLanguage":"fr-FR","potentialAction":[{"@type":"ReadAction","target":["https:\/\/studentmentalhealthtoolkit.com\/fr\/le-coin-des-jeunes\/"]}]},{"@type":"BreadcrumbList","@id":"https:\/\/studentmentalhealthtoolkit.com\/fr\/le-coin-des-jeunes\/#breadcrumb","itemListElement":[{"@type":"ListItem","position":1,"name":"Home","item":"https:\/\/studentmentalhealthtoolkit.com\/fr\/page-daccueil\/"},{"@type":"ListItem","position":2,"name":"Le coin jeunesse"}]},{"@type":"WebSite","@id":"https:\/\/studentmentalhealthtoolkit.com\/#website","url":"https:\/\/studentmentalhealthtoolkit.com\/","name":"Stigma-Free Student Mental Health Toolkit","description":"Stigma-Free Society","potentialAction":[{"@type":"SearchAction","target":{"@type":"EntryPoint","urlTemplate":"https:\/\/studentmentalhealthtoolkit.com\/?s={search_term_string}"},"query-input":{"@type":"PropertyValueSpecification","valueRequired":true,"valueName":"search_term_string"}}],"inLanguage":"fr-FR"}]}},"_links":{"self":[{"href":"https:\/\/studentmentalhealthtoolkit.com\/fr\/wp-json\/wp\/v2\/pages\/7614","targetHints":{"allow":["GET"]}}],"collection":[{"href":"https:\/\/studentmentalhealthtoolkit.com\/fr\/wp-json\/wp\/v2\/pages"}],"about":[{"href":"https:\/\/studentmentalhealthtoolkit.com\/fr\/wp-json\/wp\/v2\/types\/page"}],"author":[{"embeddable":true,"href":"https:\/\/studentmentalhealthtoolkit.com\/fr\/wp-json\/wp\/v2\/users\/1"}],"replies":[{"embeddable":true,"href":"https:\/\/studentmentalhealthtoolkit.com\/fr\/wp-json\/wp\/v2\/comments?post=7614"}],"version-history":[{"count":35,"href":"https:\/\/studentmentalhealthtoolkit.com\/fr\/wp-json\/wp\/v2\/pages\/7614\/revisions"}],"predecessor-version":[{"id":10761,"href":"https:\/\/studentmentalhealthtoolkit.com\/fr\/wp-json\/wp\/v2\/pages\/7614\/revisions\/10761"}],"wp:attachment":[{"href":"https:\/\/studentmentalhealthtoolkit.com\/fr\/wp-json\/wp\/v2\/media?parent=7614"}],"curies":[{"name":"wp","href":"https:\/\/api.w.org\/{rel}","templated":true}]}}