{"id":7467,"date":"2020-10-01T15:41:24","date_gmt":"2020-10-01T22:41:24","guid":{"rendered":"https:\/\/studentmentalhealthtoolkit.com\/programme-decole-virtuelle-sans-stigmatisation\/"},"modified":"2024-09-09T12:55:05","modified_gmt":"2024-09-09T19:55:05","slug":"programme-decole-virtuelle-sans-stigmatisation","status":"publish","type":"page","link":"https:\/\/studentmentalhealthtoolkit.com\/fr\/programme-decole-virtuelle-sans-stigmatisation\/","title":{"rendered":"Programme scolaire virtuel sans stigmatisation"},"content":{"rendered":"<p>La Soci\u00e9t\u00e9 sans stigmatisation propose des pr\u00e9sentations scolaires uniques et attrayantes sur la stigmatisation g\u00e9n\u00e9rale, en mettant l\u2019accent sur la sant\u00e9 mentale. Des pr\u00e9sentateurs virtuels partagent leurs histoires personnelles et offrent leurs connaissances sur le th\u00e8me de la sant\u00e9 mentale et de la stigmatisation.<\/p>\n","protected":false},"excerpt":{"rendered":"<p>La Soci\u00e9t\u00e9 sans stigmatisation propose des pr\u00e9sentations scolaires uniques et attrayantes sur la stigmatisation g\u00e9n\u00e9rale, en mettant l\u2019accent sur la sant\u00e9 mentale. Des pr\u00e9sentateurs virtuels partagent leurs histoires personnelles et offrent leurs connaissances sur le th\u00e8me de la sant\u00e9 mentale et de la stigmatisation.<\/p>\n","protected":false},"author":1,"featured_media":0,"parent":0,"menu_order":0,"comment_status":"closed","ping_status":"closed","template":"","meta":{"pmpro_default_level":"","_searchwp_excluded":"","_monsterinsights_skip_tracking":false,"_monsterinsights_sitenote_active":false,"_monsterinsights_sitenote_note":"","_monsterinsights_sitenote_category":0,"footnotes":"","_links_to":"","_links_to_target":""},"class_list":["post-7467","page","type-page","status-publish","hentry","pmpro-has-access"],"yoast_head":"<!-- This site is optimized with the Yoast SEO plugin v27.4 - https:\/\/yoast.com\/product\/yoast-seo-wordpress\/ -->\n<title>Programme scolaire virtuel sans stigmatisation %sep%% Soci\u00e9t\u00e9 sans stigmatisation<\/title>\n<meta name=\"description\" content=\"Notre programme traditionnel de pr\u00e9sentations en personne dans les \u00e9coles \u00ab zone sans stigmatisation \u00bb est maintenant virtuel ! R\u00e9servez d\u00e8s aujourd\u2019hui une pr\u00e9sentation virtuelle sans stigmatisation.\" \/>\n<meta name=\"robots\" content=\"index, follow, max-snippet:-1, max-image-preview:large, max-video-preview:-1\" \/>\n<link rel=\"canonical\" href=\"https:\/\/studentmentalhealthtoolkit.com\/fr\/programme-decole-virtuelle-sans-stigmatisation\/\" \/>\n<meta property=\"og:locale\" content=\"fr_FR\" \/>\n<meta property=\"og:type\" content=\"article\" \/>\n<meta property=\"og:title\" content=\"Programme scolaire virtuel sans stigmatisation %sep%% Soci\u00e9t\u00e9 sans stigmatisation\" \/>\n<meta property=\"og:description\" content=\"Notre programme traditionnel de pr\u00e9sentations en personne dans les \u00e9coles \u00ab zone sans stigmatisation \u00bb est maintenant virtuel ! R\u00e9servez d\u00e8s aujourd\u2019hui une pr\u00e9sentation virtuelle sans stigmatisation.\" \/>\n<meta property=\"og:url\" content=\"https:\/\/studentmentalhealthtoolkit.com\/fr\/programme-decole-virtuelle-sans-stigmatisation\/\" \/>\n<meta property=\"og:site_name\" content=\"Stigma-Free Student Mental Health Toolkit\" \/>\n<meta property=\"article:modified_time\" content=\"2024-09-09T19:55:05+00:00\" \/>\n<meta property=\"og:image\" content=\"https:\/\/studentmentalhealthtoolkit.com\/wp-content\/uploads\/2020\/03\/facebook-logo.png\" \/>\n\t<meta property=\"og:image:width\" content=\"530\" \/>\n\t<meta property=\"og:image:height\" content=\"275\" \/>\n\t<meta property=\"og:image:type\" content=\"image\/png\" \/>\n<meta name=\"twitter:card\" content=\"summary_large_image\" \/>\n<meta name=\"twitter:label1\" content=\"Dur\u00e9e de lecture estim\u00e9e\" \/>\n\t<meta name=\"twitter:data1\" content=\"6 minutes\" \/>\n<script type=\"application\/ld+json\" class=\"yoast-schema-graph\">{\"@context\":\"https:\\\/\\\/schema.org\",\"@graph\":[{\"@type\":\"WebPage\",\"@id\":\"https:\\\/\\\/studentmentalhealthtoolkit.com\\\/fr\\\/programme-decole-virtuelle-sans-stigmatisation\\\/\",\"url\":\"https:\\\/\\\/studentmentalhealthtoolkit.com\\\/fr\\\/programme-decole-virtuelle-sans-stigmatisation\\\/\",\"name\":\"Programme scolaire virtuel sans stigmatisation %sep%% Soci\u00e9t\u00e9 sans stigmatisation\",\"isPartOf\":{\"@id\":\"https:\\\/\\\/studentmentalhealthtoolkit.com\\\/#website\"},\"datePublished\":\"2020-10-01T22:41:24+00:00\",\"dateModified\":\"2024-09-09T19:55:05+00:00\",\"description\":\"Notre programme traditionnel de pr\u00e9sentations en personne dans les \u00e9coles \u00ab zone sans stigmatisation \u00bb est maintenant virtuel ! R\u00e9servez d\u00e8s aujourd\u2019hui une pr\u00e9sentation virtuelle sans stigmatisation.\",\"breadcrumb\":{\"@id\":\"https:\\\/\\\/studentmentalhealthtoolkit.com\\\/fr\\\/programme-decole-virtuelle-sans-stigmatisation\\\/#breadcrumb\"},\"inLanguage\":\"fr-FR\",\"potentialAction\":[{\"@type\":\"ReadAction\",\"target\":[\"https:\\\/\\\/studentmentalhealthtoolkit.com\\\/fr\\\/programme-decole-virtuelle-sans-stigmatisation\\\/\"]}]},{\"@type\":\"BreadcrumbList\",\"@id\":\"https:\\\/\\\/studentmentalhealthtoolkit.com\\\/fr\\\/programme-decole-virtuelle-sans-stigmatisation\\\/#breadcrumb\",\"itemListElement\":[{\"@type\":\"ListItem\",\"position\":1,\"name\":\"Home\",\"item\":\"https:\\\/\\\/studentmentalhealthtoolkit.com\\\/fr\\\/page-daccueil\\\/\"},{\"@type\":\"ListItem\",\"position\":2,\"name\":\"Programme scolaire virtuel sans stigmatisation\"}]},{\"@type\":\"WebSite\",\"@id\":\"https:\\\/\\\/studentmentalhealthtoolkit.com\\\/#website\",\"url\":\"https:\\\/\\\/studentmentalhealthtoolkit.com\\\/\",\"name\":\"Stigma-Free Student Mental Health Toolkit\",\"description\":\"Stigma-Free Society\",\"potentialAction\":[{\"@type\":\"SearchAction\",\"target\":{\"@type\":\"EntryPoint\",\"urlTemplate\":\"https:\\\/\\\/studentmentalhealthtoolkit.com\\\/?s={search_term_string}\"},\"query-input\":{\"@type\":\"PropertyValueSpecification\",\"valueRequired\":true,\"valueName\":\"search_term_string\"}}],\"inLanguage\":\"fr-FR\"}]}<\/script>\n<!-- \/ Yoast SEO plugin. -->","yoast_head_json":{"title":"Programme scolaire virtuel sans stigmatisation %sep%% Soci\u00e9t\u00e9 sans stigmatisation","description":"Notre programme traditionnel de pr\u00e9sentations en personne dans les \u00e9coles \u00ab zone sans stigmatisation \u00bb est maintenant virtuel ! R\u00e9servez d\u00e8s aujourd\u2019hui une pr\u00e9sentation virtuelle sans stigmatisation.","robots":{"index":"index","follow":"follow","max-snippet":"max-snippet:-1","max-image-preview":"max-image-preview:large","max-video-preview":"max-video-preview:-1"},"canonical":"https:\/\/studentmentalhealthtoolkit.com\/fr\/programme-decole-virtuelle-sans-stigmatisation\/","og_locale":"fr_FR","og_type":"article","og_title":"Programme scolaire virtuel sans stigmatisation %sep%% Soci\u00e9t\u00e9 sans stigmatisation","og_description":"Notre programme traditionnel de pr\u00e9sentations en personne dans les \u00e9coles \u00ab zone sans stigmatisation \u00bb est maintenant virtuel ! R\u00e9servez d\u00e8s aujourd\u2019hui une pr\u00e9sentation virtuelle sans stigmatisation.","og_url":"https:\/\/studentmentalhealthtoolkit.com\/fr\/programme-decole-virtuelle-sans-stigmatisation\/","og_site_name":"Stigma-Free Student Mental Health Toolkit","article_modified_time":"2024-09-09T19:55:05+00:00","og_image":[{"width":530,"height":275,"url":"https:\/\/studentmentalhealthtoolkit.com\/wp-content\/uploads\/2020\/03\/facebook-logo.png","type":"image\/png"}],"twitter_card":"summary_large_image","twitter_misc":{"Dur\u00e9e de lecture estim\u00e9e":"6 minutes"},"schema":{"@context":"https:\/\/schema.org","@graph":[{"@type":"WebPage","@id":"https:\/\/studentmentalhealthtoolkit.com\/fr\/programme-decole-virtuelle-sans-stigmatisation\/","url":"https:\/\/studentmentalhealthtoolkit.com\/fr\/programme-decole-virtuelle-sans-stigmatisation\/","name":"Programme scolaire virtuel sans stigmatisation %sep%% Soci\u00e9t\u00e9 sans stigmatisation","isPartOf":{"@id":"https:\/\/studentmentalhealthtoolkit.com\/#website"},"datePublished":"2020-10-01T22:41:24+00:00","dateModified":"2024-09-09T19:55:05+00:00","description":"Notre programme traditionnel de pr\u00e9sentations en personne dans les \u00e9coles \u00ab zone sans stigmatisation \u00bb est maintenant virtuel ! R\u00e9servez d\u00e8s aujourd\u2019hui une pr\u00e9sentation virtuelle sans stigmatisation.","breadcrumb":{"@id":"https:\/\/studentmentalhealthtoolkit.com\/fr\/programme-decole-virtuelle-sans-stigmatisation\/#breadcrumb"},"inLanguage":"fr-FR","potentialAction":[{"@type":"ReadAction","target":["https:\/\/studentmentalhealthtoolkit.com\/fr\/programme-decole-virtuelle-sans-stigmatisation\/"]}]},{"@type":"BreadcrumbList","@id":"https:\/\/studentmentalhealthtoolkit.com\/fr\/programme-decole-virtuelle-sans-stigmatisation\/#breadcrumb","itemListElement":[{"@type":"ListItem","position":1,"name":"Home","item":"https:\/\/studentmentalhealthtoolkit.com\/fr\/page-daccueil\/"},{"@type":"ListItem","position":2,"name":"Programme scolaire virtuel sans stigmatisation"}]},{"@type":"WebSite","@id":"https:\/\/studentmentalhealthtoolkit.com\/#website","url":"https:\/\/studentmentalhealthtoolkit.com\/","name":"Stigma-Free Student Mental Health Toolkit","description":"Stigma-Free Society","potentialAction":[{"@type":"SearchAction","target":{"@type":"EntryPoint","urlTemplate":"https:\/\/studentmentalhealthtoolkit.com\/?s={search_term_string}"},"query-input":{"@type":"PropertyValueSpecification","valueRequired":true,"valueName":"search_term_string"}}],"inLanguage":"fr-FR"}]}},"_links":{"self":[{"href":"https:\/\/studentmentalhealthtoolkit.com\/fr\/wp-json\/wp\/v2\/pages\/7467","targetHints":{"allow":["GET"]}}],"collection":[{"href":"https:\/\/studentmentalhealthtoolkit.com\/fr\/wp-json\/wp\/v2\/pages"}],"about":[{"href":"https:\/\/studentmentalhealthtoolkit.com\/fr\/wp-json\/wp\/v2\/types\/page"}],"author":[{"embeddable":true,"href":"https:\/\/studentmentalhealthtoolkit.com\/fr\/wp-json\/wp\/v2\/users\/1"}],"replies":[{"embeddable":true,"href":"https:\/\/studentmentalhealthtoolkit.com\/fr\/wp-json\/wp\/v2\/comments?post=7467"}],"version-history":[{"count":51,"href":"https:\/\/studentmentalhealthtoolkit.com\/fr\/wp-json\/wp\/v2\/pages\/7467\/revisions"}],"predecessor-version":[{"id":10798,"href":"https:\/\/studentmentalhealthtoolkit.com\/fr\/wp-json\/wp\/v2\/pages\/7467\/revisions\/10798"}],"wp:attachment":[{"href":"https:\/\/studentmentalhealthtoolkit.com\/fr\/wp-json\/wp\/v2\/media?parent=7467"}],"curies":[{"name":"wp","href":"https:\/\/api.w.org\/{rel}","templated":true}]}}