{"id":7462,"date":"2021-07-19T15:21:58","date_gmt":"2021-07-19T22:21:58","guid":{"rendered":"https:\/\/studentmentalhealthtoolkit.com\/presentations-virtuelles-sans-stigmatisation\/"},"modified":"2025-08-14T09:41:13","modified_gmt":"2025-08-14T16:41:13","slug":"presentations-virtuelles-sans-stigmatisation","status":"publish","type":"page","link":"https:\/\/studentmentalhealthtoolkit.com\/fr\/presentations-virtuelles-sans-stigmatisation\/","title":{"rendered":"Pr\u00e9sentations virtuelles de la Soci\u00e9t\u00e9 sans stigmatisation"},"content":{"rendered":"<p>La Soci\u00e9t\u00e9 sans stigmatisation propose des pr\u00e9sentations scolaires uniques et attrayantes sur la stigmatisation g\u00e9n\u00e9rale, en mettant l\u2019accent sur la sant\u00e9 mentale. Sur cette page, vous pouvez en savoir plus sur nos pr\u00e9sentations et en r\u00e9server une d\u00e8s aujourd\u2019hui.<\/p>\n","protected":false},"excerpt":{"rendered":"<p>La Soci\u00e9t\u00e9 sans stigmatisation propose des pr\u00e9sentations scolaires uniques et attrayantes sur la stigmatisation g\u00e9n\u00e9rale, en mettant l\u2019accent sur la sant\u00e9 mentale. Sur cette page, vous pouvez en savoir plus sur nos pr\u00e9sentations et en r\u00e9server une d\u00e8s aujourd\u2019hui.<\/p>\n","protected":false},"author":2,"featured_media":0,"parent":0,"menu_order":0,"comment_status":"closed","ping_status":"closed","template":"","meta":{"pmpro_default_level":"","_searchwp_excluded":"","_monsterinsights_skip_tracking":false,"_monsterinsights_sitenote_active":false,"_monsterinsights_sitenote_note":"","_monsterinsights_sitenote_category":0,"footnotes":"","_links_to":"","_links_to_target":""},"class_list":["post-7462","page","type-page","status-publish","hentry","pmpro-has-access"],"yoast_head":"<!-- This site is optimized with the Yoast SEO plugin v27.5 - https:\/\/yoast.com\/product\/yoast-seo-wordpress\/ -->\n<title>Pr\u00e9sentations virtuelles de la Soci\u00e9t\u00e9 sans stigmatisation %sep%% Soci\u00e9t\u00e9 sans stigmatisation<\/title>\n<meta name=\"description\" content=\"Notre programme traditionnel de pr\u00e9sentations en personne dans les \u00e9coles \u00ab zone sans stigmatisation \u00bb est maintenant virtuel ! R\u00e9servez d\u00e8s aujourd&#039;hui une pr\u00e9sentation virtuelle sans stigmatisation.\" \/>\n<meta name=\"robots\" content=\"index, follow, max-snippet:-1, max-image-preview:large, max-video-preview:-1\" \/>\n<link rel=\"canonical\" href=\"https:\/\/studentmentalhealthtoolkit.com\/fr\/presentations-virtuelles-sans-stigmatisation\/\" \/>\n<meta property=\"og:locale\" content=\"fr_FR\" \/>\n<meta property=\"og:type\" content=\"article\" \/>\n<meta property=\"og:title\" content=\"Pr\u00e9sentations virtuelles de la Soci\u00e9t\u00e9 sans stigmatisation %sep%% Soci\u00e9t\u00e9 sans stigmatisation\" \/>\n<meta property=\"og:description\" content=\"Notre programme traditionnel de pr\u00e9sentations en personne dans les \u00e9coles \u00ab zone sans stigmatisation \u00bb est maintenant virtuel ! R\u00e9servez d\u00e8s aujourd&#039;hui une pr\u00e9sentation virtuelle sans stigmatisation.\" \/>\n<meta property=\"og:url\" content=\"https:\/\/studentmentalhealthtoolkit.com\/fr\/presentations-virtuelles-sans-stigmatisation\/\" \/>\n<meta property=\"og:site_name\" content=\"Stigma-Free Student Mental Health Toolkit\" \/>\n<meta property=\"article:modified_time\" content=\"2025-08-14T16:41:13+00:00\" \/>\n<meta property=\"og:image\" content=\"https:\/\/studentmentalhealthtoolkit.com\/wp-content\/uploads\/2020\/03\/facebook-logo.png\" \/>\n\t<meta property=\"og:image:width\" content=\"530\" \/>\n\t<meta property=\"og:image:height\" content=\"275\" \/>\n\t<meta property=\"og:image:type\" content=\"image\/png\" \/>\n<meta name=\"twitter:card\" content=\"summary_large_image\" \/>\n<meta name=\"twitter:label1\" content=\"Dur\u00e9e de lecture estim\u00e9e\" \/>\n\t<meta name=\"twitter:data1\" content=\"8 minutes\" \/>\n<script type=\"application\/ld+json\" class=\"yoast-schema-graph\">{\"@context\":\"https:\\\/\\\/schema.org\",\"@graph\":[{\"@type\":\"WebPage\",\"@id\":\"https:\\\/\\\/studentmentalhealthtoolkit.com\\\/fr\\\/presentations-virtuelles-sans-stigmatisation\\\/\",\"url\":\"https:\\\/\\\/studentmentalhealthtoolkit.com\\\/fr\\\/presentations-virtuelles-sans-stigmatisation\\\/\",\"name\":\"Pr\u00e9sentations virtuelles de la Soci\u00e9t\u00e9 sans stigmatisation %sep%% Soci\u00e9t\u00e9 sans stigmatisation\",\"isPartOf\":{\"@id\":\"https:\\\/\\\/studentmentalhealthtoolkit.com\\\/#website\"},\"datePublished\":\"2021-07-19T22:21:58+00:00\",\"dateModified\":\"2025-08-14T16:41:13+00:00\",\"description\":\"Notre programme traditionnel de pr\u00e9sentations en personne dans les \u00e9coles \u00ab zone sans stigmatisation \u00bb est maintenant virtuel ! R\u00e9servez d\u00e8s aujourd'hui une pr\u00e9sentation virtuelle sans stigmatisation.\",\"breadcrumb\":{\"@id\":\"https:\\\/\\\/studentmentalhealthtoolkit.com\\\/fr\\\/presentations-virtuelles-sans-stigmatisation\\\/#breadcrumb\"},\"inLanguage\":\"fr-FR\",\"potentialAction\":[{\"@type\":\"ReadAction\",\"target\":[\"https:\\\/\\\/studentmentalhealthtoolkit.com\\\/fr\\\/presentations-virtuelles-sans-stigmatisation\\\/\"]}]},{\"@type\":\"BreadcrumbList\",\"@id\":\"https:\\\/\\\/studentmentalhealthtoolkit.com\\\/fr\\\/presentations-virtuelles-sans-stigmatisation\\\/#breadcrumb\",\"itemListElement\":[{\"@type\":\"ListItem\",\"position\":1,\"name\":\"Home\",\"item\":\"https:\\\/\\\/studentmentalhealthtoolkit.com\\\/fr\\\/page-daccueil\\\/\"},{\"@type\":\"ListItem\",\"position\":2,\"name\":\"Pr\u00e9sentations virtuelles de la Soci\u00e9t\u00e9 sans stigmatisation\"}]},{\"@type\":\"WebSite\",\"@id\":\"https:\\\/\\\/studentmentalhealthtoolkit.com\\\/#website\",\"url\":\"https:\\\/\\\/studentmentalhealthtoolkit.com\\\/\",\"name\":\"Stigma-Free Student Mental Health Toolkit\",\"description\":\"Stigma-Free Society\",\"potentialAction\":[{\"@type\":\"SearchAction\",\"target\":{\"@type\":\"EntryPoint\",\"urlTemplate\":\"https:\\\/\\\/studentmentalhealthtoolkit.com\\\/?s={search_term_string}\"},\"query-input\":{\"@type\":\"PropertyValueSpecification\",\"valueRequired\":true,\"valueName\":\"search_term_string\"}}],\"inLanguage\":\"fr-FR\"}]}<\/script>\n<!-- \/ Yoast SEO plugin. -->","yoast_head_json":{"title":"Pr\u00e9sentations virtuelles de la Soci\u00e9t\u00e9 sans stigmatisation %sep%% Soci\u00e9t\u00e9 sans stigmatisation","description":"Notre programme traditionnel de pr\u00e9sentations en personne dans les \u00e9coles \u00ab zone sans stigmatisation \u00bb est maintenant virtuel ! R\u00e9servez d\u00e8s aujourd'hui une pr\u00e9sentation virtuelle sans stigmatisation.","robots":{"index":"index","follow":"follow","max-snippet":"max-snippet:-1","max-image-preview":"max-image-preview:large","max-video-preview":"max-video-preview:-1"},"canonical":"https:\/\/studentmentalhealthtoolkit.com\/fr\/presentations-virtuelles-sans-stigmatisation\/","og_locale":"fr_FR","og_type":"article","og_title":"Pr\u00e9sentations virtuelles de la Soci\u00e9t\u00e9 sans stigmatisation %sep%% Soci\u00e9t\u00e9 sans stigmatisation","og_description":"Notre programme traditionnel de pr\u00e9sentations en personne dans les \u00e9coles \u00ab zone sans stigmatisation \u00bb est maintenant virtuel ! R\u00e9servez d\u00e8s aujourd'hui une pr\u00e9sentation virtuelle sans stigmatisation.","og_url":"https:\/\/studentmentalhealthtoolkit.com\/fr\/presentations-virtuelles-sans-stigmatisation\/","og_site_name":"Stigma-Free Student Mental Health Toolkit","article_modified_time":"2025-08-14T16:41:13+00:00","og_image":[{"width":530,"height":275,"url":"https:\/\/studentmentalhealthtoolkit.com\/wp-content\/uploads\/2020\/03\/facebook-logo.png","type":"image\/png"}],"twitter_card":"summary_large_image","twitter_misc":{"Dur\u00e9e de lecture estim\u00e9e":"8 minutes"},"schema":{"@context":"https:\/\/schema.org","@graph":[{"@type":"WebPage","@id":"https:\/\/studentmentalhealthtoolkit.com\/fr\/presentations-virtuelles-sans-stigmatisation\/","url":"https:\/\/studentmentalhealthtoolkit.com\/fr\/presentations-virtuelles-sans-stigmatisation\/","name":"Pr\u00e9sentations virtuelles de la Soci\u00e9t\u00e9 sans stigmatisation %sep%% Soci\u00e9t\u00e9 sans stigmatisation","isPartOf":{"@id":"https:\/\/studentmentalhealthtoolkit.com\/#website"},"datePublished":"2021-07-19T22:21:58+00:00","dateModified":"2025-08-14T16:41:13+00:00","description":"Notre programme traditionnel de pr\u00e9sentations en personne dans les \u00e9coles \u00ab zone sans stigmatisation \u00bb est maintenant virtuel ! R\u00e9servez d\u00e8s aujourd'hui une pr\u00e9sentation virtuelle sans stigmatisation.","breadcrumb":{"@id":"https:\/\/studentmentalhealthtoolkit.com\/fr\/presentations-virtuelles-sans-stigmatisation\/#breadcrumb"},"inLanguage":"fr-FR","potentialAction":[{"@type":"ReadAction","target":["https:\/\/studentmentalhealthtoolkit.com\/fr\/presentations-virtuelles-sans-stigmatisation\/"]}]},{"@type":"BreadcrumbList","@id":"https:\/\/studentmentalhealthtoolkit.com\/fr\/presentations-virtuelles-sans-stigmatisation\/#breadcrumb","itemListElement":[{"@type":"ListItem","position":1,"name":"Home","item":"https:\/\/studentmentalhealthtoolkit.com\/fr\/page-daccueil\/"},{"@type":"ListItem","position":2,"name":"Pr\u00e9sentations virtuelles de la Soci\u00e9t\u00e9 sans stigmatisation"}]},{"@type":"WebSite","@id":"https:\/\/studentmentalhealthtoolkit.com\/#website","url":"https:\/\/studentmentalhealthtoolkit.com\/","name":"Stigma-Free Student Mental Health Toolkit","description":"Stigma-Free Society","potentialAction":[{"@type":"SearchAction","target":{"@type":"EntryPoint","urlTemplate":"https:\/\/studentmentalhealthtoolkit.com\/?s={search_term_string}"},"query-input":{"@type":"PropertyValueSpecification","valueRequired":true,"valueName":"search_term_string"}}],"inLanguage":"fr-FR"}]}},"_links":{"self":[{"href":"https:\/\/studentmentalhealthtoolkit.com\/fr\/wp-json\/wp\/v2\/pages\/7462","targetHints":{"allow":["GET"]}}],"collection":[{"href":"https:\/\/studentmentalhealthtoolkit.com\/fr\/wp-json\/wp\/v2\/pages"}],"about":[{"href":"https:\/\/studentmentalhealthtoolkit.com\/fr\/wp-json\/wp\/v2\/types\/page"}],"author":[{"embeddable":true,"href":"https:\/\/studentmentalhealthtoolkit.com\/fr\/wp-json\/wp\/v2\/users\/2"}],"replies":[{"embeddable":true,"href":"https:\/\/studentmentalhealthtoolkit.com\/fr\/wp-json\/wp\/v2\/comments?post=7462"}],"version-history":[{"count":48,"href":"https:\/\/studentmentalhealthtoolkit.com\/fr\/wp-json\/wp\/v2\/pages\/7462\/revisions"}],"predecessor-version":[{"id":12191,"href":"https:\/\/studentmentalhealthtoolkit.com\/fr\/wp-json\/wp\/v2\/pages\/7462\/revisions\/12191"}],"wp:attachment":[{"href":"https:\/\/studentmentalhealthtoolkit.com\/fr\/wp-json\/wp\/v2\/media?parent=7462"}],"curies":[{"name":"wp","href":"https:\/\/api.w.org\/{rel}","templated":true}]}}