{"id":7409,"date":"2020-03-28T12:49:45","date_gmt":"2020-03-28T19:49:45","guid":{"rendered":"https:\/\/studentmentalhealthtoolkit.com\/le-coin-des-ados\/histoires-sans-stigmatisation-adolescents\/"},"modified":"2024-12-06T15:01:27","modified_gmt":"2024-12-06T23:01:27","slug":"histoires-sans-stigmatisation-adolescents","status":"publish","type":"page","link":"https:\/\/studentmentalhealthtoolkit.com\/fr\/le-coin-des-ados\/histoires-sans-stigmatisation-adolescents\/","title":{"rendered":"Histoires sans stigmatisation &#8211; Adolescence"},"content":{"rendered":"<p>Nos histoires sans stigmatisation pr\u00e9sentent d&rsquo;excellentes vid\u00e9os dans lesquelles des personnes partagent leurs histoires personnelles sur la sant\u00e9 mentale ou leur lutte contre la stigmatisation. La Soci\u00e9t\u00e9 sans stigmatisation croit qu&rsquo;en partageant nos histoires et en \u00e9tant ouverts sur nos luttes, nous pouvons \u00e9liminer la stigmatisation qui existe dans nos communaut\u00e9s, que ce soit en personne ou en ligne.<\/p>\n","protected":false},"excerpt":{"rendered":"<p>Nos histoires sans stigmatisation pr\u00e9sentent d&rsquo;excellentes vid\u00e9os dans lesquelles des personnes partagent leurs histoires personnelles sur la sant\u00e9 mentale ou leur lutte contre la stigmatisation. La Soci\u00e9t\u00e9 sans stigmatisation croit qu&rsquo;en partageant nos histoires et en \u00e9tant ouverts sur nos luttes, nous pouvons \u00e9liminer la stigmatisation qui existe dans nos communaut\u00e9s, que ce soit en personne ou en ligne.<\/p>\n","protected":false},"author":1,"featured_media":0,"parent":7355,"menu_order":0,"comment_status":"closed","ping_status":"closed","template":"","meta":{"pmpro_default_level":"","_searchwp_excluded":"","_monsterinsights_skip_tracking":false,"_monsterinsights_sitenote_active":false,"_monsterinsights_sitenote_note":"","_monsterinsights_sitenote_category":0,"footnotes":"","_links_to":"","_links_to_target":""},"class_list":["post-7409","page","type-page","status-publish","hentry","pmpro-has-access"],"yoast_head":"<!-- This site is optimized with the Yoast SEO plugin v27.4 - https:\/\/yoast.com\/product\/yoast-seo-wordpress\/ -->\n<title>Histoires sans stigmatisation - Adolescence - Stigma-Free Student Mental Health Toolkit<\/title>\n<meta name=\"robots\" content=\"index, follow, max-snippet:-1, max-image-preview:large, max-video-preview:-1\" \/>\n<link rel=\"canonical\" href=\"https:\/\/studentmentalhealthtoolkit.com\/fr\/le-coin-des-ados\/histoires-sans-stigmatisation-adolescents\/\" \/>\n<meta property=\"og:locale\" content=\"fr_FR\" \/>\n<meta property=\"og:type\" content=\"article\" \/>\n<meta property=\"og:title\" content=\"Histoires sans stigmatisation - Adolescence - Stigma-Free Student Mental Health Toolkit\" \/>\n<meta property=\"og:description\" content=\"Nos histoires sans stigmatisation pr\u00e9sentent d&#039;excellentes vid\u00e9os dans lesquelles des personnes partagent leurs histoires personnelles sur la sant\u00e9 mentale ou leur lutte contre la stigmatisation. La Soci\u00e9t\u00e9 sans stigmatisation croit qu&#039;en partageant nos histoires et en \u00e9tant ouverts sur nos luttes, nous pouvons \u00e9liminer la stigmatisation qui existe dans nos communaut\u00e9s, que ce soit en personne ou en ligne.\" \/>\n<meta property=\"og:url\" content=\"https:\/\/studentmentalhealthtoolkit.com\/fr\/le-coin-des-ados\/histoires-sans-stigmatisation-adolescents\/\" \/>\n<meta property=\"og:site_name\" content=\"Stigma-Free Student Mental Health Toolkit\" \/>\n<meta property=\"article:modified_time\" content=\"2024-12-06T23:01:27+00:00\" \/>\n<meta property=\"og:image\" content=\"https:\/\/studentmentalhealthtoolkit.com\/wp-content\/uploads\/2020\/03\/facebook-logo.png\" \/>\n\t<meta property=\"og:image:width\" content=\"530\" \/>\n\t<meta property=\"og:image:height\" content=\"275\" \/>\n\t<meta property=\"og:image:type\" content=\"image\/png\" \/>\n<meta name=\"twitter:card\" content=\"summary_large_image\" \/>\n<meta name=\"twitter:label1\" content=\"Dur\u00e9e de lecture estim\u00e9e\" \/>\n\t<meta name=\"twitter:data1\" content=\"2 minutes\" \/>\n<script type=\"application\/ld+json\" class=\"yoast-schema-graph\">{\"@context\":\"https:\\\/\\\/schema.org\",\"@graph\":[{\"@type\":\"WebPage\",\"@id\":\"https:\\\/\\\/studentmentalhealthtoolkit.com\\\/fr\\\/le-coin-des-ados\\\/histoires-sans-stigmatisation-adolescents\\\/\",\"url\":\"https:\\\/\\\/studentmentalhealthtoolkit.com\\\/fr\\\/le-coin-des-ados\\\/histoires-sans-stigmatisation-adolescents\\\/\",\"name\":\"Histoires sans stigmatisation - Adolescence - Stigma-Free Student Mental Health Toolkit\",\"isPartOf\":{\"@id\":\"https:\\\/\\\/studentmentalhealthtoolkit.com\\\/#website\"},\"datePublished\":\"2020-03-28T19:49:45+00:00\",\"dateModified\":\"2024-12-06T23:01:27+00:00\",\"breadcrumb\":{\"@id\":\"https:\\\/\\\/studentmentalhealthtoolkit.com\\\/fr\\\/le-coin-des-ados\\\/histoires-sans-stigmatisation-adolescents\\\/#breadcrumb\"},\"inLanguage\":\"fr-FR\",\"potentialAction\":[{\"@type\":\"ReadAction\",\"target\":[\"https:\\\/\\\/studentmentalhealthtoolkit.com\\\/fr\\\/le-coin-des-ados\\\/histoires-sans-stigmatisation-adolescents\\\/\"]}]},{\"@type\":\"BreadcrumbList\",\"@id\":\"https:\\\/\\\/studentmentalhealthtoolkit.com\\\/fr\\\/le-coin-des-ados\\\/histoires-sans-stigmatisation-adolescents\\\/#breadcrumb\",\"itemListElement\":[{\"@type\":\"ListItem\",\"position\":1,\"name\":\"Home\",\"item\":\"https:\\\/\\\/studentmentalhealthtoolkit.com\\\/fr\\\/page-daccueil\\\/\"},{\"@type\":\"ListItem\",\"position\":2,\"name\":\"Le coin des ados\",\"item\":\"https:\\\/\\\/studentmentalhealthtoolkit.com\\\/fr\\\/le-coin-des-ados\\\/\"},{\"@type\":\"ListItem\",\"position\":3,\"name\":\"Histoires sans stigmatisation &#8211; Adolescence\"}]},{\"@type\":\"WebSite\",\"@id\":\"https:\\\/\\\/studentmentalhealthtoolkit.com\\\/#website\",\"url\":\"https:\\\/\\\/studentmentalhealthtoolkit.com\\\/\",\"name\":\"Stigma-Free Student Mental Health Toolkit\",\"description\":\"Stigma-Free Society\",\"potentialAction\":[{\"@type\":\"SearchAction\",\"target\":{\"@type\":\"EntryPoint\",\"urlTemplate\":\"https:\\\/\\\/studentmentalhealthtoolkit.com\\\/?s={search_term_string}\"},\"query-input\":{\"@type\":\"PropertyValueSpecification\",\"valueRequired\":true,\"valueName\":\"search_term_string\"}}],\"inLanguage\":\"fr-FR\"}]}<\/script>\n<!-- \/ Yoast SEO plugin. -->","yoast_head_json":{"title":"Histoires sans stigmatisation - Adolescence - Stigma-Free Student Mental Health Toolkit","robots":{"index":"index","follow":"follow","max-snippet":"max-snippet:-1","max-image-preview":"max-image-preview:large","max-video-preview":"max-video-preview:-1"},"canonical":"https:\/\/studentmentalhealthtoolkit.com\/fr\/le-coin-des-ados\/histoires-sans-stigmatisation-adolescents\/","og_locale":"fr_FR","og_type":"article","og_title":"Histoires sans stigmatisation - Adolescence - Stigma-Free Student Mental Health Toolkit","og_description":"Nos histoires sans stigmatisation pr\u00e9sentent d'excellentes vid\u00e9os dans lesquelles des personnes partagent leurs histoires personnelles sur la sant\u00e9 mentale ou leur lutte contre la stigmatisation. La Soci\u00e9t\u00e9 sans stigmatisation croit qu'en partageant nos histoires et en \u00e9tant ouverts sur nos luttes, nous pouvons \u00e9liminer la stigmatisation qui existe dans nos communaut\u00e9s, que ce soit en personne ou en ligne.","og_url":"https:\/\/studentmentalhealthtoolkit.com\/fr\/le-coin-des-ados\/histoires-sans-stigmatisation-adolescents\/","og_site_name":"Stigma-Free Student Mental Health Toolkit","article_modified_time":"2024-12-06T23:01:27+00:00","og_image":[{"width":530,"height":275,"url":"https:\/\/studentmentalhealthtoolkit.com\/wp-content\/uploads\/2020\/03\/facebook-logo.png","type":"image\/png"}],"twitter_card":"summary_large_image","twitter_misc":{"Dur\u00e9e de lecture estim\u00e9e":"2 minutes"},"schema":{"@context":"https:\/\/schema.org","@graph":[{"@type":"WebPage","@id":"https:\/\/studentmentalhealthtoolkit.com\/fr\/le-coin-des-ados\/histoires-sans-stigmatisation-adolescents\/","url":"https:\/\/studentmentalhealthtoolkit.com\/fr\/le-coin-des-ados\/histoires-sans-stigmatisation-adolescents\/","name":"Histoires sans stigmatisation - Adolescence - Stigma-Free Student Mental Health Toolkit","isPartOf":{"@id":"https:\/\/studentmentalhealthtoolkit.com\/#website"},"datePublished":"2020-03-28T19:49:45+00:00","dateModified":"2024-12-06T23:01:27+00:00","breadcrumb":{"@id":"https:\/\/studentmentalhealthtoolkit.com\/fr\/le-coin-des-ados\/histoires-sans-stigmatisation-adolescents\/#breadcrumb"},"inLanguage":"fr-FR","potentialAction":[{"@type":"ReadAction","target":["https:\/\/studentmentalhealthtoolkit.com\/fr\/le-coin-des-ados\/histoires-sans-stigmatisation-adolescents\/"]}]},{"@type":"BreadcrumbList","@id":"https:\/\/studentmentalhealthtoolkit.com\/fr\/le-coin-des-ados\/histoires-sans-stigmatisation-adolescents\/#breadcrumb","itemListElement":[{"@type":"ListItem","position":1,"name":"Home","item":"https:\/\/studentmentalhealthtoolkit.com\/fr\/page-daccueil\/"},{"@type":"ListItem","position":2,"name":"Le coin des ados","item":"https:\/\/studentmentalhealthtoolkit.com\/fr\/le-coin-des-ados\/"},{"@type":"ListItem","position":3,"name":"Histoires sans stigmatisation &#8211; Adolescence"}]},{"@type":"WebSite","@id":"https:\/\/studentmentalhealthtoolkit.com\/#website","url":"https:\/\/studentmentalhealthtoolkit.com\/","name":"Stigma-Free Student Mental Health Toolkit","description":"Stigma-Free Society","potentialAction":[{"@type":"SearchAction","target":{"@type":"EntryPoint","urlTemplate":"https:\/\/studentmentalhealthtoolkit.com\/?s={search_term_string}"},"query-input":{"@type":"PropertyValueSpecification","valueRequired":true,"valueName":"search_term_string"}}],"inLanguage":"fr-FR"}]}},"_links":{"self":[{"href":"https:\/\/studentmentalhealthtoolkit.com\/fr\/wp-json\/wp\/v2\/pages\/7409","targetHints":{"allow":["GET"]}}],"collection":[{"href":"https:\/\/studentmentalhealthtoolkit.com\/fr\/wp-json\/wp\/v2\/pages"}],"about":[{"href":"https:\/\/studentmentalhealthtoolkit.com\/fr\/wp-json\/wp\/v2\/types\/page"}],"author":[{"embeddable":true,"href":"https:\/\/studentmentalhealthtoolkit.com\/fr\/wp-json\/wp\/v2\/users\/1"}],"replies":[{"embeddable":true,"href":"https:\/\/studentmentalhealthtoolkit.com\/fr\/wp-json\/wp\/v2\/comments?post=7409"}],"version-history":[{"count":31,"href":"https:\/\/studentmentalhealthtoolkit.com\/fr\/wp-json\/wp\/v2\/pages\/7409\/revisions"}],"predecessor-version":[{"id":11607,"href":"https:\/\/studentmentalhealthtoolkit.com\/fr\/wp-json\/wp\/v2\/pages\/7409\/revisions\/11607"}],"up":[{"embeddable":true,"href":"https:\/\/studentmentalhealthtoolkit.com\/fr\/wp-json\/wp\/v2\/pages\/7355"}],"wp:attachment":[{"href":"https:\/\/studentmentalhealthtoolkit.com\/fr\/wp-json\/wp\/v2\/media?parent=7409"}],"curies":[{"name":"wp","href":"https:\/\/api.w.org\/{rel}","templated":true}]}}