{"id":7382,"date":"2020-04-01T10:54:29","date_gmt":"2020-04-01T17:54:29","guid":{"rendered":"https:\/\/studentmentalhealthtoolkit.com\/le-coin-des-ados\/gestion-de-la-sante-mentale-pour-les-adolescents\/"},"modified":"2024-12-06T15:28:20","modified_gmt":"2024-12-06T23:28:20","slug":"gestion-de-la-sante-mentale-pour-les-adolescents","status":"publish","type":"page","link":"https:\/\/studentmentalhealthtoolkit.com\/fr\/le-coin-des-ados\/gestion-de-la-sante-mentale-pour-les-adolescents\/","title":{"rendered":"Gestion de la sant\u00e9 mentale pour les adolescentes et adolescents"},"content":{"rendered":"<p>Cette page fournit des ressources utiles et informatives sur la fa\u00e7on dont les adolescents peuvent faire face \u00e0 la sant\u00e9 mentale. Les \u00e9l\u00e8ves peuvent visionner diverses vid\u00e9os, feuilleter des brochures et r\u00e9pondre \u00e0 un questionnaire sur la d\u00e9tresse.<\/p>\n","protected":false},"excerpt":{"rendered":"<p>Cette page fournit des ressources utiles et informatives sur la fa\u00e7on dont les adolescents peuvent faire face \u00e0 la sant\u00e9 mentale. Les \u00e9l\u00e8ves peuvent visionner diverses vid\u00e9os, feuilleter des brochures et r\u00e9pondre \u00e0 un questionnaire sur la d\u00e9tresse.<\/p>\n","protected":false},"author":1,"featured_media":0,"parent":7355,"menu_order":0,"comment_status":"closed","ping_status":"closed","template":"","meta":{"pmpro_default_level":"","_searchwp_excluded":"","_monsterinsights_skip_tracking":false,"_monsterinsights_sitenote_active":false,"_monsterinsights_sitenote_note":"","_monsterinsights_sitenote_category":0,"footnotes":"","_links_to":"","_links_to_target":""},"class_list":["post-7382","page","type-page","status-publish","hentry","pmpro-has-access"],"yoast_head":"<!-- This site is optimized with the Yoast SEO plugin v27.4 - https:\/\/yoast.com\/product\/yoast-seo-wordpress\/ -->\n<title>Gestion de la sant\u00e9 mentale pour les adolescentes et adolescents - Stigma-Free Student Mental Health Toolkit<\/title>\n<meta name=\"robots\" content=\"index, follow, max-snippet:-1, max-image-preview:large, max-video-preview:-1\" \/>\n<link rel=\"canonical\" href=\"https:\/\/studentmentalhealthtoolkit.com\/fr\/le-coin-des-ados\/gestion-de-la-sante-mentale-pour-les-adolescents\/\" \/>\n<meta property=\"og:locale\" content=\"fr_FR\" \/>\n<meta property=\"og:type\" content=\"article\" \/>\n<meta property=\"og:title\" content=\"Gestion de la sant\u00e9 mentale pour les adolescentes et adolescents - Stigma-Free Student Mental Health Toolkit\" \/>\n<meta property=\"og:description\" content=\"Cette page fournit des ressources utiles et informatives sur la fa\u00e7on dont les adolescents peuvent faire face \u00e0 la sant\u00e9 mentale. Les \u00e9l\u00e8ves peuvent visionner diverses vid\u00e9os, feuilleter des brochures et r\u00e9pondre \u00e0 un questionnaire sur la d\u00e9tresse.\" \/>\n<meta property=\"og:url\" content=\"https:\/\/studentmentalhealthtoolkit.com\/fr\/le-coin-des-ados\/gestion-de-la-sante-mentale-pour-les-adolescents\/\" \/>\n<meta property=\"og:site_name\" content=\"Stigma-Free Student Mental Health Toolkit\" \/>\n<meta property=\"article:modified_time\" content=\"2024-12-06T23:28:20+00:00\" \/>\n<meta property=\"og:image\" content=\"https:\/\/studentmentalhealthtoolkit.com\/wp-content\/uploads\/2020\/03\/facebook-logo.png\" \/>\n\t<meta property=\"og:image:width\" content=\"530\" \/>\n\t<meta property=\"og:image:height\" content=\"275\" \/>\n\t<meta property=\"og:image:type\" content=\"image\/png\" \/>\n<meta name=\"twitter:card\" content=\"summary_large_image\" \/>\n<meta name=\"twitter:label1\" content=\"Dur\u00e9e de lecture estim\u00e9e\" \/>\n\t<meta name=\"twitter:data1\" content=\"1 minute\" \/>\n<script type=\"application\/ld+json\" class=\"yoast-schema-graph\">{\"@context\":\"https:\\\/\\\/schema.org\",\"@graph\":[{\"@type\":\"WebPage\",\"@id\":\"https:\\\/\\\/studentmentalhealthtoolkit.com\\\/fr\\\/le-coin-des-ados\\\/gestion-de-la-sante-mentale-pour-les-adolescents\\\/\",\"url\":\"https:\\\/\\\/studentmentalhealthtoolkit.com\\\/fr\\\/le-coin-des-ados\\\/gestion-de-la-sante-mentale-pour-les-adolescents\\\/\",\"name\":\"Gestion de la sant\u00e9 mentale pour les adolescentes et adolescents - Stigma-Free Student Mental Health Toolkit\",\"isPartOf\":{\"@id\":\"https:\\\/\\\/studentmentalhealthtoolkit.com\\\/#website\"},\"datePublished\":\"2020-04-01T17:54:29+00:00\",\"dateModified\":\"2024-12-06T23:28:20+00:00\",\"breadcrumb\":{\"@id\":\"https:\\\/\\\/studentmentalhealthtoolkit.com\\\/fr\\\/le-coin-des-ados\\\/gestion-de-la-sante-mentale-pour-les-adolescents\\\/#breadcrumb\"},\"inLanguage\":\"fr-FR\",\"potentialAction\":[{\"@type\":\"ReadAction\",\"target\":[\"https:\\\/\\\/studentmentalhealthtoolkit.com\\\/fr\\\/le-coin-des-ados\\\/gestion-de-la-sante-mentale-pour-les-adolescents\\\/\"]}]},{\"@type\":\"BreadcrumbList\",\"@id\":\"https:\\\/\\\/studentmentalhealthtoolkit.com\\\/fr\\\/le-coin-des-ados\\\/gestion-de-la-sante-mentale-pour-les-adolescents\\\/#breadcrumb\",\"itemListElement\":[{\"@type\":\"ListItem\",\"position\":1,\"name\":\"Home\",\"item\":\"https:\\\/\\\/studentmentalhealthtoolkit.com\\\/fr\\\/page-daccueil\\\/\"},{\"@type\":\"ListItem\",\"position\":2,\"name\":\"Le coin des ados\",\"item\":\"https:\\\/\\\/studentmentalhealthtoolkit.com\\\/fr\\\/le-coin-des-ados\\\/\"},{\"@type\":\"ListItem\",\"position\":3,\"name\":\"Gestion de la sant\u00e9 mentale pour les adolescentes et adolescents\"}]},{\"@type\":\"WebSite\",\"@id\":\"https:\\\/\\\/studentmentalhealthtoolkit.com\\\/#website\",\"url\":\"https:\\\/\\\/studentmentalhealthtoolkit.com\\\/\",\"name\":\"Stigma-Free Student Mental Health Toolkit\",\"description\":\"Stigma-Free Society\",\"potentialAction\":[{\"@type\":\"SearchAction\",\"target\":{\"@type\":\"EntryPoint\",\"urlTemplate\":\"https:\\\/\\\/studentmentalhealthtoolkit.com\\\/?s={search_term_string}\"},\"query-input\":{\"@type\":\"PropertyValueSpecification\",\"valueRequired\":true,\"valueName\":\"search_term_string\"}}],\"inLanguage\":\"fr-FR\"}]}<\/script>\n<!-- \/ Yoast SEO plugin. -->","yoast_head_json":{"title":"Gestion de la sant\u00e9 mentale pour les adolescentes et adolescents - Stigma-Free Student Mental Health Toolkit","robots":{"index":"index","follow":"follow","max-snippet":"max-snippet:-1","max-image-preview":"max-image-preview:large","max-video-preview":"max-video-preview:-1"},"canonical":"https:\/\/studentmentalhealthtoolkit.com\/fr\/le-coin-des-ados\/gestion-de-la-sante-mentale-pour-les-adolescents\/","og_locale":"fr_FR","og_type":"article","og_title":"Gestion de la sant\u00e9 mentale pour les adolescentes et adolescents - Stigma-Free Student Mental Health Toolkit","og_description":"Cette page fournit des ressources utiles et informatives sur la fa\u00e7on dont les adolescents peuvent faire face \u00e0 la sant\u00e9 mentale. Les \u00e9l\u00e8ves peuvent visionner diverses vid\u00e9os, feuilleter des brochures et r\u00e9pondre \u00e0 un questionnaire sur la d\u00e9tresse.","og_url":"https:\/\/studentmentalhealthtoolkit.com\/fr\/le-coin-des-ados\/gestion-de-la-sante-mentale-pour-les-adolescents\/","og_site_name":"Stigma-Free Student Mental Health Toolkit","article_modified_time":"2024-12-06T23:28:20+00:00","og_image":[{"width":530,"height":275,"url":"https:\/\/studentmentalhealthtoolkit.com\/wp-content\/uploads\/2020\/03\/facebook-logo.png","type":"image\/png"}],"twitter_card":"summary_large_image","twitter_misc":{"Dur\u00e9e de lecture estim\u00e9e":"1 minute"},"schema":{"@context":"https:\/\/schema.org","@graph":[{"@type":"WebPage","@id":"https:\/\/studentmentalhealthtoolkit.com\/fr\/le-coin-des-ados\/gestion-de-la-sante-mentale-pour-les-adolescents\/","url":"https:\/\/studentmentalhealthtoolkit.com\/fr\/le-coin-des-ados\/gestion-de-la-sante-mentale-pour-les-adolescents\/","name":"Gestion de la sant\u00e9 mentale pour les adolescentes et adolescents - Stigma-Free Student Mental Health Toolkit","isPartOf":{"@id":"https:\/\/studentmentalhealthtoolkit.com\/#website"},"datePublished":"2020-04-01T17:54:29+00:00","dateModified":"2024-12-06T23:28:20+00:00","breadcrumb":{"@id":"https:\/\/studentmentalhealthtoolkit.com\/fr\/le-coin-des-ados\/gestion-de-la-sante-mentale-pour-les-adolescents\/#breadcrumb"},"inLanguage":"fr-FR","potentialAction":[{"@type":"ReadAction","target":["https:\/\/studentmentalhealthtoolkit.com\/fr\/le-coin-des-ados\/gestion-de-la-sante-mentale-pour-les-adolescents\/"]}]},{"@type":"BreadcrumbList","@id":"https:\/\/studentmentalhealthtoolkit.com\/fr\/le-coin-des-ados\/gestion-de-la-sante-mentale-pour-les-adolescents\/#breadcrumb","itemListElement":[{"@type":"ListItem","position":1,"name":"Home","item":"https:\/\/studentmentalhealthtoolkit.com\/fr\/page-daccueil\/"},{"@type":"ListItem","position":2,"name":"Le coin des ados","item":"https:\/\/studentmentalhealthtoolkit.com\/fr\/le-coin-des-ados\/"},{"@type":"ListItem","position":3,"name":"Gestion de la sant\u00e9 mentale pour les adolescentes et adolescents"}]},{"@type":"WebSite","@id":"https:\/\/studentmentalhealthtoolkit.com\/#website","url":"https:\/\/studentmentalhealthtoolkit.com\/","name":"Stigma-Free Student Mental Health Toolkit","description":"Stigma-Free Society","potentialAction":[{"@type":"SearchAction","target":{"@type":"EntryPoint","urlTemplate":"https:\/\/studentmentalhealthtoolkit.com\/?s={search_term_string}"},"query-input":{"@type":"PropertyValueSpecification","valueRequired":true,"valueName":"search_term_string"}}],"inLanguage":"fr-FR"}]}},"_links":{"self":[{"href":"https:\/\/studentmentalhealthtoolkit.com\/fr\/wp-json\/wp\/v2\/pages\/7382","targetHints":{"allow":["GET"]}}],"collection":[{"href":"https:\/\/studentmentalhealthtoolkit.com\/fr\/wp-json\/wp\/v2\/pages"}],"about":[{"href":"https:\/\/studentmentalhealthtoolkit.com\/fr\/wp-json\/wp\/v2\/types\/page"}],"author":[{"embeddable":true,"href":"https:\/\/studentmentalhealthtoolkit.com\/fr\/wp-json\/wp\/v2\/users\/1"}],"replies":[{"embeddable":true,"href":"https:\/\/studentmentalhealthtoolkit.com\/fr\/wp-json\/wp\/v2\/comments?post=7382"}],"version-history":[{"count":17,"href":"https:\/\/studentmentalhealthtoolkit.com\/fr\/wp-json\/wp\/v2\/pages\/7382\/revisions"}],"predecessor-version":[{"id":11616,"href":"https:\/\/studentmentalhealthtoolkit.com\/fr\/wp-json\/wp\/v2\/pages\/7382\/revisions\/11616"}],"up":[{"embeddable":true,"href":"https:\/\/studentmentalhealthtoolkit.com\/fr\/wp-json\/wp\/v2\/pages\/7355"}],"wp:attachment":[{"href":"https:\/\/studentmentalhealthtoolkit.com\/fr\/wp-json\/wp\/v2\/media?parent=7382"}],"curies":[{"name":"wp","href":"https:\/\/api.w.org\/{rel}","templated":true}]}}