{"id":7345,"date":"2020-10-07T13:56:17","date_gmt":"2020-10-07T20:56:17","guid":{"rendered":"https:\/\/studentmentalhealthtoolkit.com\/ressources-pour-les-parents\/votre-enfant-a-ete-diagnostique\/"},"modified":"2024-12-12T11:24:27","modified_gmt":"2024-12-12T19:24:27","slug":"votre-enfant-a-ete-diagnostique","status":"publish","type":"page","link":"https:\/\/studentmentalhealthtoolkit.com\/fr\/ressources-pour-les-parents\/votre-enfant-a-ete-diagnostique\/","title":{"rendered":"Votre enfant a re\u00e7u un diagnostic"},"content":{"rendered":"<p>Si votre enfant a re\u00e7u un diagnostic, cette section vous est destin\u00e9e. Vous trouverez ici des ressources qui vous aideront \u00e0 vous sentir soutenu et mieux inform\u00e9 sur les organisations qui peuvent vous aider \u00e0 d\u00e9passer le diagnostic et \u00e0 vivre avec un enfant atteint d&rsquo;une maladie mentale ou de plusieurs maladies mentales.<\/p>\n","protected":false},"excerpt":{"rendered":"<p>Si votre enfant a re\u00e7u un diagnostic, cette section vous est destin\u00e9e. Vous trouverez ici des ressources qui vous aideront \u00e0 vous sentir soutenu et mieux inform\u00e9 sur les organisations qui peuvent vous aider \u00e0 d\u00e9passer le diagnostic et \u00e0 vivre avec un enfant atteint d&rsquo;une maladie mentale ou de plusieurs maladies mentales.<\/p>\n","protected":false},"author":1,"featured_media":0,"parent":7330,"menu_order":0,"comment_status":"closed","ping_status":"closed","template":"","meta":{"pmpro_default_level":"","_searchwp_excluded":"","_monsterinsights_skip_tracking":false,"_monsterinsights_sitenote_active":false,"_monsterinsights_sitenote_note":"","_monsterinsights_sitenote_category":0,"footnotes":"","_links_to":"","_links_to_target":""},"class_list":["post-7345","page","type-page","status-publish","hentry","pmpro-has-access"],"yoast_head":"<!-- This site is optimized with the Yoast SEO plugin v27.4 - https:\/\/yoast.com\/product\/yoast-seo-wordpress\/ -->\n<title>Votre enfant a re\u00e7u un diagnostic - Stigma-Free Student Mental Health Toolkit<\/title>\n<meta name=\"robots\" content=\"index, follow, max-snippet:-1, max-image-preview:large, max-video-preview:-1\" \/>\n<link rel=\"canonical\" href=\"https:\/\/studentmentalhealthtoolkit.com\/fr\/ressources-pour-les-parents\/votre-enfant-a-ete-diagnostique\/\" \/>\n<meta property=\"og:locale\" content=\"fr_FR\" \/>\n<meta property=\"og:type\" content=\"article\" \/>\n<meta property=\"og:title\" content=\"Votre enfant a re\u00e7u un diagnostic - Stigma-Free Student Mental Health Toolkit\" \/>\n<meta property=\"og:description\" content=\"Si votre enfant a re\u00e7u un diagnostic, cette section vous est destin\u00e9e. Vous trouverez ici des ressources qui vous aideront \u00e0 vous sentir soutenu et mieux inform\u00e9 sur les organisations qui peuvent vous aider \u00e0 d\u00e9passer le diagnostic et \u00e0 vivre avec un enfant atteint d&#039;une maladie mentale ou de plusieurs maladies mentales.\" \/>\n<meta property=\"og:url\" content=\"https:\/\/studentmentalhealthtoolkit.com\/fr\/ressources-pour-les-parents\/votre-enfant-a-ete-diagnostique\/\" \/>\n<meta property=\"og:site_name\" content=\"Stigma-Free Student Mental Health Toolkit\" \/>\n<meta property=\"article:modified_time\" content=\"2024-12-12T19:24:27+00:00\" \/>\n<meta property=\"og:image\" content=\"https:\/\/studentmentalhealthtoolkit.com\/wp-content\/uploads\/2020\/03\/facebook-logo.png\" \/>\n\t<meta property=\"og:image:width\" content=\"530\" \/>\n\t<meta property=\"og:image:height\" content=\"275\" \/>\n\t<meta property=\"og:image:type\" content=\"image\/png\" \/>\n<meta name=\"twitter:card\" content=\"summary_large_image\" \/>\n<meta name=\"twitter:label1\" content=\"Dur\u00e9e de lecture estim\u00e9e\" \/>\n\t<meta name=\"twitter:data1\" content=\"3 minutes\" \/>\n<script type=\"application\/ld+json\" class=\"yoast-schema-graph\">{\"@context\":\"https:\\\/\\\/schema.org\",\"@graph\":[{\"@type\":\"WebPage\",\"@id\":\"https:\\\/\\\/studentmentalhealthtoolkit.com\\\/fr\\\/ressources-pour-les-parents\\\/votre-enfant-a-ete-diagnostique\\\/\",\"url\":\"https:\\\/\\\/studentmentalhealthtoolkit.com\\\/fr\\\/ressources-pour-les-parents\\\/votre-enfant-a-ete-diagnostique\\\/\",\"name\":\"Votre enfant a re\u00e7u un diagnostic - Stigma-Free Student Mental Health Toolkit\",\"isPartOf\":{\"@id\":\"https:\\\/\\\/studentmentalhealthtoolkit.com\\\/#website\"},\"datePublished\":\"2020-10-07T20:56:17+00:00\",\"dateModified\":\"2024-12-12T19:24:27+00:00\",\"breadcrumb\":{\"@id\":\"https:\\\/\\\/studentmentalhealthtoolkit.com\\\/fr\\\/ressources-pour-les-parents\\\/votre-enfant-a-ete-diagnostique\\\/#breadcrumb\"},\"inLanguage\":\"fr-FR\",\"potentialAction\":[{\"@type\":\"ReadAction\",\"target\":[\"https:\\\/\\\/studentmentalhealthtoolkit.com\\\/fr\\\/ressources-pour-les-parents\\\/votre-enfant-a-ete-diagnostique\\\/\"]}]},{\"@type\":\"BreadcrumbList\",\"@id\":\"https:\\\/\\\/studentmentalhealthtoolkit.com\\\/fr\\\/ressources-pour-les-parents\\\/votre-enfant-a-ete-diagnostique\\\/#breadcrumb\",\"itemListElement\":[{\"@type\":\"ListItem\",\"position\":1,\"name\":\"Home\",\"item\":\"https:\\\/\\\/studentmentalhealthtoolkit.com\\\/fr\\\/page-daccueil\\\/\"},{\"@type\":\"ListItem\",\"position\":2,\"name\":\"Ressources pour les parents\",\"item\":\"https:\\\/\\\/studentmentalhealthtoolkit.com\\\/fr\\\/ressources-pour-les-parents\\\/\"},{\"@type\":\"ListItem\",\"position\":3,\"name\":\"Votre enfant a re\u00e7u un diagnostic\"}]},{\"@type\":\"WebSite\",\"@id\":\"https:\\\/\\\/studentmentalhealthtoolkit.com\\\/#website\",\"url\":\"https:\\\/\\\/studentmentalhealthtoolkit.com\\\/\",\"name\":\"Stigma-Free Student Mental Health Toolkit\",\"description\":\"Stigma-Free Society\",\"potentialAction\":[{\"@type\":\"SearchAction\",\"target\":{\"@type\":\"EntryPoint\",\"urlTemplate\":\"https:\\\/\\\/studentmentalhealthtoolkit.com\\\/?s={search_term_string}\"},\"query-input\":{\"@type\":\"PropertyValueSpecification\",\"valueRequired\":true,\"valueName\":\"search_term_string\"}}],\"inLanguage\":\"fr-FR\"}]}<\/script>\n<!-- \/ Yoast SEO plugin. -->","yoast_head_json":{"title":"Votre enfant a re\u00e7u un diagnostic - Stigma-Free Student Mental Health Toolkit","robots":{"index":"index","follow":"follow","max-snippet":"max-snippet:-1","max-image-preview":"max-image-preview:large","max-video-preview":"max-video-preview:-1"},"canonical":"https:\/\/studentmentalhealthtoolkit.com\/fr\/ressources-pour-les-parents\/votre-enfant-a-ete-diagnostique\/","og_locale":"fr_FR","og_type":"article","og_title":"Votre enfant a re\u00e7u un diagnostic - Stigma-Free Student Mental Health Toolkit","og_description":"Si votre enfant a re\u00e7u un diagnostic, cette section vous est destin\u00e9e. Vous trouverez ici des ressources qui vous aideront \u00e0 vous sentir soutenu et mieux inform\u00e9 sur les organisations qui peuvent vous aider \u00e0 d\u00e9passer le diagnostic et \u00e0 vivre avec un enfant atteint d'une maladie mentale ou de plusieurs maladies mentales.","og_url":"https:\/\/studentmentalhealthtoolkit.com\/fr\/ressources-pour-les-parents\/votre-enfant-a-ete-diagnostique\/","og_site_name":"Stigma-Free Student Mental Health Toolkit","article_modified_time":"2024-12-12T19:24:27+00:00","og_image":[{"width":530,"height":275,"url":"https:\/\/studentmentalhealthtoolkit.com\/wp-content\/uploads\/2020\/03\/facebook-logo.png","type":"image\/png"}],"twitter_card":"summary_large_image","twitter_misc":{"Dur\u00e9e de lecture estim\u00e9e":"3 minutes"},"schema":{"@context":"https:\/\/schema.org","@graph":[{"@type":"WebPage","@id":"https:\/\/studentmentalhealthtoolkit.com\/fr\/ressources-pour-les-parents\/votre-enfant-a-ete-diagnostique\/","url":"https:\/\/studentmentalhealthtoolkit.com\/fr\/ressources-pour-les-parents\/votre-enfant-a-ete-diagnostique\/","name":"Votre enfant a re\u00e7u un diagnostic - Stigma-Free Student Mental Health Toolkit","isPartOf":{"@id":"https:\/\/studentmentalhealthtoolkit.com\/#website"},"datePublished":"2020-10-07T20:56:17+00:00","dateModified":"2024-12-12T19:24:27+00:00","breadcrumb":{"@id":"https:\/\/studentmentalhealthtoolkit.com\/fr\/ressources-pour-les-parents\/votre-enfant-a-ete-diagnostique\/#breadcrumb"},"inLanguage":"fr-FR","potentialAction":[{"@type":"ReadAction","target":["https:\/\/studentmentalhealthtoolkit.com\/fr\/ressources-pour-les-parents\/votre-enfant-a-ete-diagnostique\/"]}]},{"@type":"BreadcrumbList","@id":"https:\/\/studentmentalhealthtoolkit.com\/fr\/ressources-pour-les-parents\/votre-enfant-a-ete-diagnostique\/#breadcrumb","itemListElement":[{"@type":"ListItem","position":1,"name":"Home","item":"https:\/\/studentmentalhealthtoolkit.com\/fr\/page-daccueil\/"},{"@type":"ListItem","position":2,"name":"Ressources pour les parents","item":"https:\/\/studentmentalhealthtoolkit.com\/fr\/ressources-pour-les-parents\/"},{"@type":"ListItem","position":3,"name":"Votre enfant a re\u00e7u un diagnostic"}]},{"@type":"WebSite","@id":"https:\/\/studentmentalhealthtoolkit.com\/#website","url":"https:\/\/studentmentalhealthtoolkit.com\/","name":"Stigma-Free Student Mental Health Toolkit","description":"Stigma-Free Society","potentialAction":[{"@type":"SearchAction","target":{"@type":"EntryPoint","urlTemplate":"https:\/\/studentmentalhealthtoolkit.com\/?s={search_term_string}"},"query-input":{"@type":"PropertyValueSpecification","valueRequired":true,"valueName":"search_term_string"}}],"inLanguage":"fr-FR"}]}},"_links":{"self":[{"href":"https:\/\/studentmentalhealthtoolkit.com\/fr\/wp-json\/wp\/v2\/pages\/7345","targetHints":{"allow":["GET"]}}],"collection":[{"href":"https:\/\/studentmentalhealthtoolkit.com\/fr\/wp-json\/wp\/v2\/pages"}],"about":[{"href":"https:\/\/studentmentalhealthtoolkit.com\/fr\/wp-json\/wp\/v2\/types\/page"}],"author":[{"embeddable":true,"href":"https:\/\/studentmentalhealthtoolkit.com\/fr\/wp-json\/wp\/v2\/users\/1"}],"replies":[{"embeddable":true,"href":"https:\/\/studentmentalhealthtoolkit.com\/fr\/wp-json\/wp\/v2\/comments?post=7345"}],"version-history":[{"count":28,"href":"https:\/\/studentmentalhealthtoolkit.com\/fr\/wp-json\/wp\/v2\/pages\/7345\/revisions"}],"predecessor-version":[{"id":11827,"href":"https:\/\/studentmentalhealthtoolkit.com\/fr\/wp-json\/wp\/v2\/pages\/7345\/revisions\/11827"}],"up":[{"embeddable":true,"href":"https:\/\/studentmentalhealthtoolkit.com\/fr\/wp-json\/wp\/v2\/pages\/7330"}],"wp:attachment":[{"href":"https:\/\/studentmentalhealthtoolkit.com\/fr\/wp-json\/wp\/v2\/media?parent=7345"}],"curies":[{"name":"wp","href":"https:\/\/api.w.org\/{rel}","templated":true}]}}