{"id":7340,"date":"2020-10-07T13:52:54","date_gmt":"2020-10-07T20:52:54","guid":{"rendered":"https:\/\/studentmentalhealthtoolkit.com\/ressources-pour-les-parents\/parler-de-sante-mentale-a-votre-enfant\/"},"modified":"2024-09-09T12:34:25","modified_gmt":"2024-09-09T19:34:25","slug":"parler-de-sante-mentale-a-votre-enfant","status":"publish","type":"page","link":"https:\/\/studentmentalhealthtoolkit.com\/fr\/ressources-pour-les-parents\/parler-de-sante-mentale-a-votre-enfant\/","title":{"rendered":"Parler de sant\u00e9 mentale avec votre enfant"},"content":{"rendered":"<p> En tant que parent, tutrice ou tuteur, il est b\u00e9n\u00e9fique de parler r\u00e9guli\u00e8rement de la sant\u00e9 mentale \u00e0 vos enfants, tout comme vous le feriez pour la sant\u00e9 physique. Sur cette page, vous trouverez d&rsquo;excellentes ressources sur la fa\u00e7on de parler de la sant\u00e9 mentale \u00e0 votre enfant.<\/p>\n","protected":false},"excerpt":{"rendered":"<p> En tant que parent, tutrice ou tuteur, il est b\u00e9n\u00e9fique de parler r\u00e9guli\u00e8rement de la sant\u00e9 mentale \u00e0 vos enfants, tout comme vous le feriez pour la sant\u00e9 physique. Sur cette page, vous trouverez d&rsquo;excellentes ressources sur la fa\u00e7on de parler de la sant\u00e9 mentale \u00e0 votre enfant.<\/p>\n","protected":false},"author":1,"featured_media":0,"parent":7330,"menu_order":0,"comment_status":"closed","ping_status":"closed","template":"","meta":{"pmpro_default_level":"","_searchwp_excluded":"","_monsterinsights_skip_tracking":false,"_monsterinsights_sitenote_active":false,"_monsterinsights_sitenote_note":"","_monsterinsights_sitenote_category":0,"footnotes":"","_links_to":"","_links_to_target":""},"class_list":["post-7340","page","type-page","status-publish","hentry","pmpro-has-access"],"yoast_head":"<!-- This site is optimized with the Yoast SEO plugin v27.4 - https:\/\/yoast.com\/product\/yoast-seo-wordpress\/ -->\n<title>Parler de sant\u00e9 mentale avec votre enfant - Stigma-Free Student Mental Health Toolkit<\/title>\n<meta name=\"robots\" content=\"index, follow, max-snippet:-1, max-image-preview:large, max-video-preview:-1\" \/>\n<link rel=\"canonical\" href=\"https:\/\/studentmentalhealthtoolkit.com\/fr\/ressources-pour-les-parents\/parler-de-sante-mentale-a-votre-enfant\/\" \/>\n<meta property=\"og:locale\" content=\"fr_FR\" \/>\n<meta property=\"og:type\" content=\"article\" \/>\n<meta property=\"og:title\" content=\"Parler de sant\u00e9 mentale avec votre enfant - Stigma-Free Student Mental Health Toolkit\" \/>\n<meta property=\"og:description\" content=\"En tant que parent, tutrice ou tuteur, il est b\u00e9n\u00e9fique de parler r\u00e9guli\u00e8rement de la sant\u00e9 mentale \u00e0 vos enfants, tout comme vous le feriez pour la sant\u00e9 physique. Sur cette page, vous trouverez d&#039;excellentes ressources sur la fa\u00e7on de parler de la sant\u00e9 mentale \u00e0 votre enfant.\" \/>\n<meta property=\"og:url\" content=\"https:\/\/studentmentalhealthtoolkit.com\/fr\/ressources-pour-les-parents\/parler-de-sante-mentale-a-votre-enfant\/\" \/>\n<meta property=\"og:site_name\" content=\"Stigma-Free Student Mental Health Toolkit\" \/>\n<meta property=\"article:modified_time\" content=\"2024-09-09T19:34:25+00:00\" \/>\n<meta property=\"og:image\" content=\"https:\/\/studentmentalhealthtoolkit.com\/wp-content\/uploads\/2020\/03\/facebook-logo.png\" \/>\n\t<meta property=\"og:image:width\" content=\"530\" \/>\n\t<meta property=\"og:image:height\" content=\"275\" \/>\n\t<meta property=\"og:image:type\" content=\"image\/png\" \/>\n<meta name=\"twitter:card\" content=\"summary_large_image\" \/>\n<meta name=\"twitter:label1\" content=\"Dur\u00e9e de lecture estim\u00e9e\" \/>\n\t<meta name=\"twitter:data1\" content=\"2 minutes\" \/>\n<script type=\"application\/ld+json\" class=\"yoast-schema-graph\">{\"@context\":\"https:\\\/\\\/schema.org\",\"@graph\":[{\"@type\":\"WebPage\",\"@id\":\"https:\\\/\\\/studentmentalhealthtoolkit.com\\\/fr\\\/ressources-pour-les-parents\\\/parler-de-sante-mentale-a-votre-enfant\\\/\",\"url\":\"https:\\\/\\\/studentmentalhealthtoolkit.com\\\/fr\\\/ressources-pour-les-parents\\\/parler-de-sante-mentale-a-votre-enfant\\\/\",\"name\":\"Parler de sant\u00e9 mentale avec votre enfant - Stigma-Free Student Mental Health Toolkit\",\"isPartOf\":{\"@id\":\"https:\\\/\\\/studentmentalhealthtoolkit.com\\\/#website\"},\"datePublished\":\"2020-10-07T20:52:54+00:00\",\"dateModified\":\"2024-09-09T19:34:25+00:00\",\"breadcrumb\":{\"@id\":\"https:\\\/\\\/studentmentalhealthtoolkit.com\\\/fr\\\/ressources-pour-les-parents\\\/parler-de-sante-mentale-a-votre-enfant\\\/#breadcrumb\"},\"inLanguage\":\"fr-FR\",\"potentialAction\":[{\"@type\":\"ReadAction\",\"target\":[\"https:\\\/\\\/studentmentalhealthtoolkit.com\\\/fr\\\/ressources-pour-les-parents\\\/parler-de-sante-mentale-a-votre-enfant\\\/\"]}]},{\"@type\":\"BreadcrumbList\",\"@id\":\"https:\\\/\\\/studentmentalhealthtoolkit.com\\\/fr\\\/ressources-pour-les-parents\\\/parler-de-sante-mentale-a-votre-enfant\\\/#breadcrumb\",\"itemListElement\":[{\"@type\":\"ListItem\",\"position\":1,\"name\":\"Home\",\"item\":\"https:\\\/\\\/studentmentalhealthtoolkit.com\\\/fr\\\/page-daccueil\\\/\"},{\"@type\":\"ListItem\",\"position\":2,\"name\":\"Ressources pour les parents\",\"item\":\"https:\\\/\\\/studentmentalhealthtoolkit.com\\\/fr\\\/ressources-pour-les-parents\\\/\"},{\"@type\":\"ListItem\",\"position\":3,\"name\":\"Parler de sant\u00e9 mentale avec votre enfant\"}]},{\"@type\":\"WebSite\",\"@id\":\"https:\\\/\\\/studentmentalhealthtoolkit.com\\\/#website\",\"url\":\"https:\\\/\\\/studentmentalhealthtoolkit.com\\\/\",\"name\":\"Stigma-Free Student Mental Health Toolkit\",\"description\":\"Stigma-Free Society\",\"potentialAction\":[{\"@type\":\"SearchAction\",\"target\":{\"@type\":\"EntryPoint\",\"urlTemplate\":\"https:\\\/\\\/studentmentalhealthtoolkit.com\\\/?s={search_term_string}\"},\"query-input\":{\"@type\":\"PropertyValueSpecification\",\"valueRequired\":true,\"valueName\":\"search_term_string\"}}],\"inLanguage\":\"fr-FR\"}]}<\/script>\n<!-- \/ Yoast SEO plugin. -->","yoast_head_json":{"title":"Parler de sant\u00e9 mentale avec votre enfant - Stigma-Free Student Mental Health Toolkit","robots":{"index":"index","follow":"follow","max-snippet":"max-snippet:-1","max-image-preview":"max-image-preview:large","max-video-preview":"max-video-preview:-1"},"canonical":"https:\/\/studentmentalhealthtoolkit.com\/fr\/ressources-pour-les-parents\/parler-de-sante-mentale-a-votre-enfant\/","og_locale":"fr_FR","og_type":"article","og_title":"Parler de sant\u00e9 mentale avec votre enfant - Stigma-Free Student Mental Health Toolkit","og_description":"En tant que parent, tutrice ou tuteur, il est b\u00e9n\u00e9fique de parler r\u00e9guli\u00e8rement de la sant\u00e9 mentale \u00e0 vos enfants, tout comme vous le feriez pour la sant\u00e9 physique. Sur cette page, vous trouverez d'excellentes ressources sur la fa\u00e7on de parler de la sant\u00e9 mentale \u00e0 votre enfant.","og_url":"https:\/\/studentmentalhealthtoolkit.com\/fr\/ressources-pour-les-parents\/parler-de-sante-mentale-a-votre-enfant\/","og_site_name":"Stigma-Free Student Mental Health Toolkit","article_modified_time":"2024-09-09T19:34:25+00:00","og_image":[{"width":530,"height":275,"url":"https:\/\/studentmentalhealthtoolkit.com\/wp-content\/uploads\/2020\/03\/facebook-logo.png","type":"image\/png"}],"twitter_card":"summary_large_image","twitter_misc":{"Dur\u00e9e de lecture estim\u00e9e":"2 minutes"},"schema":{"@context":"https:\/\/schema.org","@graph":[{"@type":"WebPage","@id":"https:\/\/studentmentalhealthtoolkit.com\/fr\/ressources-pour-les-parents\/parler-de-sante-mentale-a-votre-enfant\/","url":"https:\/\/studentmentalhealthtoolkit.com\/fr\/ressources-pour-les-parents\/parler-de-sante-mentale-a-votre-enfant\/","name":"Parler de sant\u00e9 mentale avec votre enfant - Stigma-Free Student Mental Health Toolkit","isPartOf":{"@id":"https:\/\/studentmentalhealthtoolkit.com\/#website"},"datePublished":"2020-10-07T20:52:54+00:00","dateModified":"2024-09-09T19:34:25+00:00","breadcrumb":{"@id":"https:\/\/studentmentalhealthtoolkit.com\/fr\/ressources-pour-les-parents\/parler-de-sante-mentale-a-votre-enfant\/#breadcrumb"},"inLanguage":"fr-FR","potentialAction":[{"@type":"ReadAction","target":["https:\/\/studentmentalhealthtoolkit.com\/fr\/ressources-pour-les-parents\/parler-de-sante-mentale-a-votre-enfant\/"]}]},{"@type":"BreadcrumbList","@id":"https:\/\/studentmentalhealthtoolkit.com\/fr\/ressources-pour-les-parents\/parler-de-sante-mentale-a-votre-enfant\/#breadcrumb","itemListElement":[{"@type":"ListItem","position":1,"name":"Home","item":"https:\/\/studentmentalhealthtoolkit.com\/fr\/page-daccueil\/"},{"@type":"ListItem","position":2,"name":"Ressources pour les parents","item":"https:\/\/studentmentalhealthtoolkit.com\/fr\/ressources-pour-les-parents\/"},{"@type":"ListItem","position":3,"name":"Parler de sant\u00e9 mentale avec votre enfant"}]},{"@type":"WebSite","@id":"https:\/\/studentmentalhealthtoolkit.com\/#website","url":"https:\/\/studentmentalhealthtoolkit.com\/","name":"Stigma-Free Student Mental Health Toolkit","description":"Stigma-Free Society","potentialAction":[{"@type":"SearchAction","target":{"@type":"EntryPoint","urlTemplate":"https:\/\/studentmentalhealthtoolkit.com\/?s={search_term_string}"},"query-input":{"@type":"PropertyValueSpecification","valueRequired":true,"valueName":"search_term_string"}}],"inLanguage":"fr-FR"}]}},"_links":{"self":[{"href":"https:\/\/studentmentalhealthtoolkit.com\/fr\/wp-json\/wp\/v2\/pages\/7340","targetHints":{"allow":["GET"]}}],"collection":[{"href":"https:\/\/studentmentalhealthtoolkit.com\/fr\/wp-json\/wp\/v2\/pages"}],"about":[{"href":"https:\/\/studentmentalhealthtoolkit.com\/fr\/wp-json\/wp\/v2\/types\/page"}],"author":[{"embeddable":true,"href":"https:\/\/studentmentalhealthtoolkit.com\/fr\/wp-json\/wp\/v2\/users\/1"}],"replies":[{"embeddable":true,"href":"https:\/\/studentmentalhealthtoolkit.com\/fr\/wp-json\/wp\/v2\/comments?post=7340"}],"version-history":[{"count":13,"href":"https:\/\/studentmentalhealthtoolkit.com\/fr\/wp-json\/wp\/v2\/pages\/7340\/revisions"}],"predecessor-version":[{"id":10189,"href":"https:\/\/studentmentalhealthtoolkit.com\/fr\/wp-json\/wp\/v2\/pages\/7340\/revisions\/10189"}],"up":[{"embeddable":true,"href":"https:\/\/studentmentalhealthtoolkit.com\/fr\/wp-json\/wp\/v2\/pages\/7330"}],"wp:attachment":[{"href":"https:\/\/studentmentalhealthtoolkit.com\/fr\/wp-json\/wp\/v2\/media?parent=7340"}],"curies":[{"name":"wp","href":"https:\/\/api.w.org\/{rel}","templated":true}]}}