{"id":7249,"date":"2023-03-28T16:27:46","date_gmt":"2023-03-28T23:27:46","guid":{"rendered":"https:\/\/studentmentalhealthtoolkit.com\/quiz-sur-la-lutte-contre-les-brimades-4-7-ans\/"},"modified":"2024-01-05T19:51:51","modified_gmt":"2024-01-06T03:51:51","slug":"quiz-sur-la-lutte-contre-les-brimades-4-7-ans","status":"publish","type":"page","link":"https:\/\/studentmentalhealthtoolkit.com\/fr\/quiz-sur-la-lutte-contre-les-brimades-4-7-ans\/","title":{"rendered":"Questionnaire sur la lutte contre l&rsquo;intimidation &#8211; 4e \u00e0 la 7e ann\u00e9e"},"content":{"rendered":"<p>R\u00e9pondez \u00e0 ce questionnaire vrai ou faux pour d\u00e9couvrir quelques id\u00e9es pr\u00e9con\u00e7ues sur la sant\u00e9 mentale.<\/p>\n","protected":false},"excerpt":{"rendered":"<p>R\u00e9pondez \u00e0 ce questionnaire vrai ou faux pour d\u00e9couvrir quelques id\u00e9es pr\u00e9con\u00e7ues sur la sant\u00e9 mentale.<\/p>\n","protected":false},"author":666,"featured_media":0,"parent":0,"menu_order":0,"comment_status":"closed","ping_status":"closed","template":"","meta":{"pmpro_default_level":"","_searchwp_excluded":"","_monsterinsights_skip_tracking":false,"_monsterinsights_sitenote_active":false,"_monsterinsights_sitenote_note":"","_monsterinsights_sitenote_category":0,"footnotes":"","_links_to":"","_links_to_target":""},"class_list":["post-7249","page","type-page","status-publish","hentry","pmpro-has-access"],"yoast_head":"<!-- This site is optimized with the Yoast SEO plugin v27.3 - https:\/\/yoast.com\/product\/yoast-seo-wordpress\/ -->\n<title>Questionnaire sur la lutte contre l&#039;intimidation - 4e \u00e0 la 7e ann\u00e9e - Stigma-Free Student Mental Health Toolkit<\/title>\n<meta name=\"robots\" content=\"index, follow, max-snippet:-1, max-image-preview:large, max-video-preview:-1\" \/>\n<link rel=\"canonical\" href=\"https:\/\/studentmentalhealthtoolkit.com\/fr\/quiz-sur-la-lutte-contre-les-brimades-4-7-ans\/\" \/>\n<meta property=\"og:locale\" content=\"fr_FR\" \/>\n<meta property=\"og:type\" content=\"article\" \/>\n<meta property=\"og:title\" content=\"Questionnaire sur la lutte contre l&#039;intimidation - 4e \u00e0 la 7e ann\u00e9e - Stigma-Free Student Mental Health Toolkit\" \/>\n<meta property=\"og:description\" content=\"R\u00e9pondez \u00e0 ce questionnaire vrai ou faux pour d\u00e9couvrir quelques id\u00e9es pr\u00e9con\u00e7ues sur la sant\u00e9 mentale.\" \/>\n<meta property=\"og:url\" content=\"https:\/\/studentmentalhealthtoolkit.com\/fr\/quiz-sur-la-lutte-contre-les-brimades-4-7-ans\/\" \/>\n<meta property=\"og:site_name\" content=\"Stigma-Free Student Mental Health Toolkit\" \/>\n<meta property=\"article:modified_time\" content=\"2024-01-06T03:51:51+00:00\" \/>\n<meta property=\"og:image\" content=\"https:\/\/studentmentalhealthtoolkit.com\/wp-content\/uploads\/2020\/03\/facebook-logo.png\" \/>\n\t<meta property=\"og:image:width\" content=\"530\" \/>\n\t<meta property=\"og:image:height\" content=\"275\" \/>\n\t<meta property=\"og:image:type\" content=\"image\/png\" \/>\n<meta name=\"twitter:card\" content=\"summary_large_image\" \/>\n<meta name=\"twitter:label1\" content=\"Dur\u00e9e de lecture estim\u00e9e\" \/>\n\t<meta name=\"twitter:data1\" content=\"3 minutes\" \/>\n<script type=\"application\/ld+json\" class=\"yoast-schema-graph\">{\"@context\":\"https:\\\/\\\/schema.org\",\"@graph\":[{\"@type\":\"WebPage\",\"@id\":\"https:\\\/\\\/studentmentalhealthtoolkit.com\\\/fr\\\/quiz-sur-la-lutte-contre-les-brimades-4-7-ans\\\/\",\"url\":\"https:\\\/\\\/studentmentalhealthtoolkit.com\\\/fr\\\/quiz-sur-la-lutte-contre-les-brimades-4-7-ans\\\/\",\"name\":\"Questionnaire sur la lutte contre l'intimidation - 4e \u00e0 la 7e ann\u00e9e - Stigma-Free Student Mental Health Toolkit\",\"isPartOf\":{\"@id\":\"https:\\\/\\\/studentmentalhealthtoolkit.com\\\/#website\"},\"datePublished\":\"2023-03-28T23:27:46+00:00\",\"dateModified\":\"2024-01-06T03:51:51+00:00\",\"breadcrumb\":{\"@id\":\"https:\\\/\\\/studentmentalhealthtoolkit.com\\\/fr\\\/quiz-sur-la-lutte-contre-les-brimades-4-7-ans\\\/#breadcrumb\"},\"inLanguage\":\"fr-FR\",\"potentialAction\":[{\"@type\":\"ReadAction\",\"target\":[\"https:\\\/\\\/studentmentalhealthtoolkit.com\\\/fr\\\/quiz-sur-la-lutte-contre-les-brimades-4-7-ans\\\/\"]}]},{\"@type\":\"BreadcrumbList\",\"@id\":\"https:\\\/\\\/studentmentalhealthtoolkit.com\\\/fr\\\/quiz-sur-la-lutte-contre-les-brimades-4-7-ans\\\/#breadcrumb\",\"itemListElement\":[{\"@type\":\"ListItem\",\"position\":1,\"name\":\"Home\",\"item\":\"https:\\\/\\\/studentmentalhealthtoolkit.com\\\/fr\\\/page-daccueil\\\/\"},{\"@type\":\"ListItem\",\"position\":2,\"name\":\"Questionnaire sur la lutte contre l&#8217;intimidation &#8211; 4e \u00e0 la 7e ann\u00e9e\"}]},{\"@type\":\"WebSite\",\"@id\":\"https:\\\/\\\/studentmentalhealthtoolkit.com\\\/#website\",\"url\":\"https:\\\/\\\/studentmentalhealthtoolkit.com\\\/\",\"name\":\"Stigma-Free Student Mental Health Toolkit\",\"description\":\"Stigma-Free Society\",\"potentialAction\":[{\"@type\":\"SearchAction\",\"target\":{\"@type\":\"EntryPoint\",\"urlTemplate\":\"https:\\\/\\\/studentmentalhealthtoolkit.com\\\/?s={search_term_string}\"},\"query-input\":{\"@type\":\"PropertyValueSpecification\",\"valueRequired\":true,\"valueName\":\"search_term_string\"}}],\"inLanguage\":\"fr-FR\"}]}<\/script>\n<!-- \/ Yoast SEO plugin. -->","yoast_head_json":{"title":"Questionnaire sur la lutte contre l'intimidation - 4e \u00e0 la 7e ann\u00e9e - Stigma-Free Student Mental Health Toolkit","robots":{"index":"index","follow":"follow","max-snippet":"max-snippet:-1","max-image-preview":"max-image-preview:large","max-video-preview":"max-video-preview:-1"},"canonical":"https:\/\/studentmentalhealthtoolkit.com\/fr\/quiz-sur-la-lutte-contre-les-brimades-4-7-ans\/","og_locale":"fr_FR","og_type":"article","og_title":"Questionnaire sur la lutte contre l'intimidation - 4e \u00e0 la 7e ann\u00e9e - Stigma-Free Student Mental Health Toolkit","og_description":"R\u00e9pondez \u00e0 ce questionnaire vrai ou faux pour d\u00e9couvrir quelques id\u00e9es pr\u00e9con\u00e7ues sur la sant\u00e9 mentale.","og_url":"https:\/\/studentmentalhealthtoolkit.com\/fr\/quiz-sur-la-lutte-contre-les-brimades-4-7-ans\/","og_site_name":"Stigma-Free Student Mental Health Toolkit","article_modified_time":"2024-01-06T03:51:51+00:00","og_image":[{"width":530,"height":275,"url":"https:\/\/studentmentalhealthtoolkit.com\/wp-content\/uploads\/2020\/03\/facebook-logo.png","type":"image\/png"}],"twitter_card":"summary_large_image","twitter_misc":{"Dur\u00e9e de lecture estim\u00e9e":"3 minutes"},"schema":{"@context":"https:\/\/schema.org","@graph":[{"@type":"WebPage","@id":"https:\/\/studentmentalhealthtoolkit.com\/fr\/quiz-sur-la-lutte-contre-les-brimades-4-7-ans\/","url":"https:\/\/studentmentalhealthtoolkit.com\/fr\/quiz-sur-la-lutte-contre-les-brimades-4-7-ans\/","name":"Questionnaire sur la lutte contre l'intimidation - 4e \u00e0 la 7e ann\u00e9e - Stigma-Free Student Mental Health Toolkit","isPartOf":{"@id":"https:\/\/studentmentalhealthtoolkit.com\/#website"},"datePublished":"2023-03-28T23:27:46+00:00","dateModified":"2024-01-06T03:51:51+00:00","breadcrumb":{"@id":"https:\/\/studentmentalhealthtoolkit.com\/fr\/quiz-sur-la-lutte-contre-les-brimades-4-7-ans\/#breadcrumb"},"inLanguage":"fr-FR","potentialAction":[{"@type":"ReadAction","target":["https:\/\/studentmentalhealthtoolkit.com\/fr\/quiz-sur-la-lutte-contre-les-brimades-4-7-ans\/"]}]},{"@type":"BreadcrumbList","@id":"https:\/\/studentmentalhealthtoolkit.com\/fr\/quiz-sur-la-lutte-contre-les-brimades-4-7-ans\/#breadcrumb","itemListElement":[{"@type":"ListItem","position":1,"name":"Home","item":"https:\/\/studentmentalhealthtoolkit.com\/fr\/page-daccueil\/"},{"@type":"ListItem","position":2,"name":"Questionnaire sur la lutte contre l&#8217;intimidation &#8211; 4e \u00e0 la 7e ann\u00e9e"}]},{"@type":"WebSite","@id":"https:\/\/studentmentalhealthtoolkit.com\/#website","url":"https:\/\/studentmentalhealthtoolkit.com\/","name":"Stigma-Free Student Mental Health Toolkit","description":"Stigma-Free Society","potentialAction":[{"@type":"SearchAction","target":{"@type":"EntryPoint","urlTemplate":"https:\/\/studentmentalhealthtoolkit.com\/?s={search_term_string}"},"query-input":{"@type":"PropertyValueSpecification","valueRequired":true,"valueName":"search_term_string"}}],"inLanguage":"fr-FR"}]}},"_links":{"self":[{"href":"https:\/\/studentmentalhealthtoolkit.com\/fr\/wp-json\/wp\/v2\/pages\/7249","targetHints":{"allow":["GET"]}}],"collection":[{"href":"https:\/\/studentmentalhealthtoolkit.com\/fr\/wp-json\/wp\/v2\/pages"}],"about":[{"href":"https:\/\/studentmentalhealthtoolkit.com\/fr\/wp-json\/wp\/v2\/types\/page"}],"author":[{"embeddable":true,"href":"https:\/\/studentmentalhealthtoolkit.com\/fr\/wp-json\/wp\/v2\/users\/666"}],"replies":[{"embeddable":true,"href":"https:\/\/studentmentalhealthtoolkit.com\/fr\/wp-json\/wp\/v2\/comments?post=7249"}],"version-history":[{"count":9,"href":"https:\/\/studentmentalhealthtoolkit.com\/fr\/wp-json\/wp\/v2\/pages\/7249\/revisions"}],"predecessor-version":[{"id":8524,"href":"https:\/\/studentmentalhealthtoolkit.com\/fr\/wp-json\/wp\/v2\/pages\/7249\/revisions\/8524"}],"wp:attachment":[{"href":"https:\/\/studentmentalhealthtoolkit.com\/fr\/wp-json\/wp\/v2\/media?parent=7249"}],"curies":[{"name":"wp","href":"https:\/\/api.w.org\/{rel}","templated":true}]}}