{"id":7206,"date":"2023-05-12T11:43:47","date_gmt":"2023-05-12T18:43:47","guid":{"rendered":"https:\/\/studentmentalhealthtoolkit.com\/?page_id=7206"},"modified":"2023-06-06T17:37:19","modified_gmt":"2023-06-07T00:37:19","slug":"plans-de-lecons-pour-le-manitoba-8e-12e-annee-page-de-test","status":"publish","type":"page","link":"https:\/\/studentmentalhealthtoolkit.com\/fr\/plans-de-lecons-pour-le-manitoba-8e-12e-annee-page-de-test\/","title":{"rendered":"Plans de le\u00e7ons pour le Manitoba 8e &#8211; 12e ann\u00e9e Page de test"},"content":{"rendered":"<p>L&rsquo;objectif de la Stigma-Free Society est de fournir autant de ressources, d&rsquo;outils et de strat\u00e9gies que possible pour encourager l&rsquo;\u00e9ducation au bien-\u00eatre mental. Dans cette section, vous trouverez des plans de cours d\u00e9taill\u00e9s qui s&rsquo;alignent sur le programme scolaire de la Colombie-Britannique et que les \u00e9ducateurs et les conseillers scolaires peuvent utiliser pour enseigner aux \u00e9l\u00e8ves la sant\u00e9 mentale, la stigmatisation et l&rsquo;inclusion.<\/p>\n","protected":false},"excerpt":{"rendered":"<p>L&rsquo;objectif de la Stigma-Free Society est de fournir autant de ressources, d&rsquo;outils et de strat\u00e9gies que possible pour encourager l&rsquo;\u00e9ducation au bien-\u00eatre mental. Dans cette section, vous trouverez des plans de cours d\u00e9taill\u00e9s qui s&rsquo;alignent sur le programme scolaire de la Colombie-Britannique et que les \u00e9ducateurs et les conseillers scolaires peuvent utiliser pour enseigner aux \u00e9l\u00e8ves la sant\u00e9 mentale, la stigmatisation et l&rsquo;inclusion.<\/p>\n","protected":false},"author":666,"featured_media":0,"parent":0,"menu_order":0,"comment_status":"closed","ping_status":"closed","template":"","meta":{"pmpro_default_level":"","_searchwp_excluded":"","_monsterinsights_skip_tracking":false,"_monsterinsights_sitenote_active":false,"_monsterinsights_sitenote_note":"","_monsterinsights_sitenote_category":0,"footnotes":"","_links_to":"","_links_to_target":""},"class_list":["post-7206","page","type-page","status-publish","hentry","pmpro-has-access"],"yoast_head":"<!-- This site is optimized with the Yoast SEO plugin v27.4 - https:\/\/yoast.com\/product\/yoast-seo-wordpress\/ -->\n<title>Plans de le\u00e7ons pour le Manitoba 8e - 12e ann\u00e9e Page de test - Stigma-Free Student Mental Health Toolkit<\/title>\n<meta name=\"robots\" content=\"index, follow, max-snippet:-1, max-image-preview:large, max-video-preview:-1\" \/>\n<link rel=\"canonical\" href=\"https:\/\/studentmentalhealthtoolkit.com\/fr\/plans-de-lecons-pour-le-manitoba-8e-12e-annee-page-de-test\/\" \/>\n<meta property=\"og:locale\" content=\"fr_FR\" \/>\n<meta property=\"og:type\" content=\"article\" \/>\n<meta property=\"og:title\" content=\"Plans de le\u00e7ons pour le Manitoba 8e - 12e ann\u00e9e Page de test - Stigma-Free Student Mental Health Toolkit\" \/>\n<meta property=\"og:description\" content=\"L&#039;objectif de la Stigma-Free Society est de fournir autant de ressources, d&#039;outils et de strat\u00e9gies que possible pour encourager l&#039;\u00e9ducation au bien-\u00eatre mental. Dans cette section, vous trouverez des plans de cours d\u00e9taill\u00e9s qui s&#039;alignent sur le programme scolaire de la Colombie-Britannique et que les \u00e9ducateurs et les conseillers scolaires peuvent utiliser pour enseigner aux \u00e9l\u00e8ves la sant\u00e9 mentale, la stigmatisation et l&#039;inclusion.\" \/>\n<meta property=\"og:url\" content=\"https:\/\/studentmentalhealthtoolkit.com\/fr\/plans-de-lecons-pour-le-manitoba-8e-12e-annee-page-de-test\/\" \/>\n<meta property=\"og:site_name\" content=\"Stigma-Free Student Mental Health Toolkit\" \/>\n<meta property=\"article:modified_time\" content=\"2023-06-07T00:37:19+00:00\" \/>\n<meta property=\"og:image\" content=\"https:\/\/studentmentalhealthtoolkit.com\/wp-content\/uploads\/2020\/03\/facebook-logo.png\" \/>\n\t<meta property=\"og:image:width\" content=\"530\" \/>\n\t<meta property=\"og:image:height\" content=\"275\" \/>\n\t<meta property=\"og:image:type\" content=\"image\/png\" \/>\n<meta name=\"twitter:card\" content=\"summary_large_image\" \/>\n<meta name=\"twitter:label1\" content=\"Dur\u00e9e de lecture estim\u00e9e\" \/>\n\t<meta name=\"twitter:data1\" content=\"8 minutes\" \/>\n<script type=\"application\/ld+json\" class=\"yoast-schema-graph\">{\"@context\":\"https:\\\/\\\/schema.org\",\"@graph\":[{\"@type\":\"WebPage\",\"@id\":\"https:\\\/\\\/studentmentalhealthtoolkit.com\\\/fr\\\/plans-de-lecons-pour-le-manitoba-8e-12e-annee-page-de-test\\\/\",\"url\":\"https:\\\/\\\/studentmentalhealthtoolkit.com\\\/fr\\\/plans-de-lecons-pour-le-manitoba-8e-12e-annee-page-de-test\\\/\",\"name\":\"Plans de le\u00e7ons pour le Manitoba 8e - 12e ann\u00e9e Page de test - Stigma-Free Student Mental Health Toolkit\",\"isPartOf\":{\"@id\":\"https:\\\/\\\/studentmentalhealthtoolkit.com\\\/#website\"},\"datePublished\":\"2023-05-12T18:43:47+00:00\",\"dateModified\":\"2023-06-07T00:37:19+00:00\",\"breadcrumb\":{\"@id\":\"https:\\\/\\\/studentmentalhealthtoolkit.com\\\/fr\\\/plans-de-lecons-pour-le-manitoba-8e-12e-annee-page-de-test\\\/#breadcrumb\"},\"inLanguage\":\"fr-FR\",\"potentialAction\":[{\"@type\":\"ReadAction\",\"target\":[\"https:\\\/\\\/studentmentalhealthtoolkit.com\\\/fr\\\/plans-de-lecons-pour-le-manitoba-8e-12e-annee-page-de-test\\\/\"]}]},{\"@type\":\"BreadcrumbList\",\"@id\":\"https:\\\/\\\/studentmentalhealthtoolkit.com\\\/fr\\\/plans-de-lecons-pour-le-manitoba-8e-12e-annee-page-de-test\\\/#breadcrumb\",\"itemListElement\":[{\"@type\":\"ListItem\",\"position\":1,\"name\":\"Home\",\"item\":\"https:\\\/\\\/studentmentalhealthtoolkit.com\\\/fr\\\/page-daccueil\\\/\"},{\"@type\":\"ListItem\",\"position\":2,\"name\":\"Plans de le\u00e7ons pour le Manitoba 8e &#8211; 12e ann\u00e9e Page de test\"}]},{\"@type\":\"WebSite\",\"@id\":\"https:\\\/\\\/studentmentalhealthtoolkit.com\\\/#website\",\"url\":\"https:\\\/\\\/studentmentalhealthtoolkit.com\\\/\",\"name\":\"Stigma-Free Student Mental Health Toolkit\",\"description\":\"Stigma-Free Society\",\"potentialAction\":[{\"@type\":\"SearchAction\",\"target\":{\"@type\":\"EntryPoint\",\"urlTemplate\":\"https:\\\/\\\/studentmentalhealthtoolkit.com\\\/?s={search_term_string}\"},\"query-input\":{\"@type\":\"PropertyValueSpecification\",\"valueRequired\":true,\"valueName\":\"search_term_string\"}}],\"inLanguage\":\"fr-FR\"}]}<\/script>\n<!-- \/ Yoast SEO plugin. -->","yoast_head_json":{"title":"Plans de le\u00e7ons pour le Manitoba 8e - 12e ann\u00e9e Page de test - Stigma-Free Student Mental Health Toolkit","robots":{"index":"index","follow":"follow","max-snippet":"max-snippet:-1","max-image-preview":"max-image-preview:large","max-video-preview":"max-video-preview:-1"},"canonical":"https:\/\/studentmentalhealthtoolkit.com\/fr\/plans-de-lecons-pour-le-manitoba-8e-12e-annee-page-de-test\/","og_locale":"fr_FR","og_type":"article","og_title":"Plans de le\u00e7ons pour le Manitoba 8e - 12e ann\u00e9e Page de test - Stigma-Free Student Mental Health Toolkit","og_description":"L'objectif de la Stigma-Free Society est de fournir autant de ressources, d'outils et de strat\u00e9gies que possible pour encourager l'\u00e9ducation au bien-\u00eatre mental. Dans cette section, vous trouverez des plans de cours d\u00e9taill\u00e9s qui s'alignent sur le programme scolaire de la Colombie-Britannique et que les \u00e9ducateurs et les conseillers scolaires peuvent utiliser pour enseigner aux \u00e9l\u00e8ves la sant\u00e9 mentale, la stigmatisation et l'inclusion.","og_url":"https:\/\/studentmentalhealthtoolkit.com\/fr\/plans-de-lecons-pour-le-manitoba-8e-12e-annee-page-de-test\/","og_site_name":"Stigma-Free Student Mental Health Toolkit","article_modified_time":"2023-06-07T00:37:19+00:00","og_image":[{"width":530,"height":275,"url":"https:\/\/studentmentalhealthtoolkit.com\/wp-content\/uploads\/2020\/03\/facebook-logo.png","type":"image\/png"}],"twitter_card":"summary_large_image","twitter_misc":{"Dur\u00e9e de lecture estim\u00e9e":"8 minutes"},"schema":{"@context":"https:\/\/schema.org","@graph":[{"@type":"WebPage","@id":"https:\/\/studentmentalhealthtoolkit.com\/fr\/plans-de-lecons-pour-le-manitoba-8e-12e-annee-page-de-test\/","url":"https:\/\/studentmentalhealthtoolkit.com\/fr\/plans-de-lecons-pour-le-manitoba-8e-12e-annee-page-de-test\/","name":"Plans de le\u00e7ons pour le Manitoba 8e - 12e ann\u00e9e Page de test - Stigma-Free Student Mental Health Toolkit","isPartOf":{"@id":"https:\/\/studentmentalhealthtoolkit.com\/#website"},"datePublished":"2023-05-12T18:43:47+00:00","dateModified":"2023-06-07T00:37:19+00:00","breadcrumb":{"@id":"https:\/\/studentmentalhealthtoolkit.com\/fr\/plans-de-lecons-pour-le-manitoba-8e-12e-annee-page-de-test\/#breadcrumb"},"inLanguage":"fr-FR","potentialAction":[{"@type":"ReadAction","target":["https:\/\/studentmentalhealthtoolkit.com\/fr\/plans-de-lecons-pour-le-manitoba-8e-12e-annee-page-de-test\/"]}]},{"@type":"BreadcrumbList","@id":"https:\/\/studentmentalhealthtoolkit.com\/fr\/plans-de-lecons-pour-le-manitoba-8e-12e-annee-page-de-test\/#breadcrumb","itemListElement":[{"@type":"ListItem","position":1,"name":"Home","item":"https:\/\/studentmentalhealthtoolkit.com\/fr\/page-daccueil\/"},{"@type":"ListItem","position":2,"name":"Plans de le\u00e7ons pour le Manitoba 8e &#8211; 12e ann\u00e9e Page de test"}]},{"@type":"WebSite","@id":"https:\/\/studentmentalhealthtoolkit.com\/#website","url":"https:\/\/studentmentalhealthtoolkit.com\/","name":"Stigma-Free Student Mental Health Toolkit","description":"Stigma-Free Society","potentialAction":[{"@type":"SearchAction","target":{"@type":"EntryPoint","urlTemplate":"https:\/\/studentmentalhealthtoolkit.com\/?s={search_term_string}"},"query-input":{"@type":"PropertyValueSpecification","valueRequired":true,"valueName":"search_term_string"}}],"inLanguage":"fr-FR"}]}},"_links":{"self":[{"href":"https:\/\/studentmentalhealthtoolkit.com\/fr\/wp-json\/wp\/v2\/pages\/7206","targetHints":{"allow":["GET"]}}],"collection":[{"href":"https:\/\/studentmentalhealthtoolkit.com\/fr\/wp-json\/wp\/v2\/pages"}],"about":[{"href":"https:\/\/studentmentalhealthtoolkit.com\/fr\/wp-json\/wp\/v2\/types\/page"}],"author":[{"embeddable":true,"href":"https:\/\/studentmentalhealthtoolkit.com\/fr\/wp-json\/wp\/v2\/users\/666"}],"replies":[{"embeddable":true,"href":"https:\/\/studentmentalhealthtoolkit.com\/fr\/wp-json\/wp\/v2\/comments?post=7206"}],"version-history":[{"count":8,"href":"https:\/\/studentmentalhealthtoolkit.com\/fr\/wp-json\/wp\/v2\/pages\/7206\/revisions"}],"predecessor-version":[{"id":7833,"href":"https:\/\/studentmentalhealthtoolkit.com\/fr\/wp-json\/wp\/v2\/pages\/7206\/revisions\/7833"}],"wp:attachment":[{"href":"https:\/\/studentmentalhealthtoolkit.com\/fr\/wp-json\/wp\/v2\/media?parent=7206"}],"curies":[{"name":"wp","href":"https:\/\/api.w.org\/{rel}","templated":true}]}}