{"id":7134,"date":"2020-09-29T11:31:03","date_gmt":"2020-09-29T18:31:03","guid":{"rendered":"https:\/\/studentmentalhealthtoolkit.com\/page-daccueil\/"},"modified":"2024-12-12T09:14:17","modified_gmt":"2024-12-12T17:14:17","slug":"page-daccueil","status":"publish","type":"page","link":"https:\/\/studentmentalhealthtoolkit.com\/fr\/","title":{"rendered":"Page d&rsquo;accueil"},"content":{"rendered":"<p>Bienvenue dans notre bo\u00eete \u00e0 outils sur la sant\u00e9 mentale des \u00e9tudiants. Notre programme de bo\u00eetes \u00e0 outils est destin\u00e9 aux jeunes, aux \u00e9ducateurs, aux conseillers scolaires et aux parents\/tuteurs qui souhaitent enseigner et promouvoir le bien-\u00eatre mental chez les jeunes et les adolescents.<\/p>\n","protected":false},"excerpt":{"rendered":"<p>Bienvenue dans notre bo\u00eete \u00e0 outils sur la sant\u00e9 mentale des \u00e9tudiants. Notre programme de bo\u00eetes \u00e0 outils est destin\u00e9 aux jeunes, aux \u00e9ducateurs, aux conseillers scolaires et aux parents\/tuteurs qui souhaitent enseigner et promouvoir le bien-\u00eatre mental chez les jeunes et les adolescents.<\/p>\n","protected":false},"author":1,"featured_media":0,"parent":0,"menu_order":0,"comment_status":"closed","ping_status":"closed","template":"","meta":{"pmpro_default_level":"","_searchwp_excluded":"","_monsterinsights_skip_tracking":false,"_monsterinsights_sitenote_active":false,"_monsterinsights_sitenote_note":"","_monsterinsights_sitenote_category":0,"footnotes":"","_links_to":"","_links_to_target":""},"class_list":["post-7134","page","type-page","status-publish","hentry","pmpro-has-access"],"yoast_head":"<!-- This site is optimized with the Yoast SEO plugin v27.4 - https:\/\/yoast.com\/product\/yoast-seo-wordpress\/ -->\n<title>Bo\u00eete \u00e0 outils pour la sant\u00e9 mentale des \u00e9tudiants | Stigma-Free Society<\/title>\n<meta name=\"description\" content=\"Notre bo\u00eete \u00e0 outils pour la sant\u00e9 mentale des \u00e9l\u00e8ves contient des plans de le\u00e7ons sur le bien-\u00eatre mental qui s&#039;alignent sur les lignes directrices du programme d&#039;\u00e9tudes de la Colombie-Britannique. Le programme Toolkit est destin\u00e9 aux jeunes, aux \u00e9ducateurs, aux conseillers scolaires et aux parents\/tuteurs qui souhaitent enseigner et promouvoir le bien-\u00eatre mental dans les classes de 4e \u00e0 7e et de 8e \u00e0 12e ann\u00e9e.\" \/>\n<meta name=\"robots\" content=\"index, follow, max-snippet:-1, max-image-preview:large, max-video-preview:-1\" \/>\n<link rel=\"canonical\" href=\"https:\/\/studentmentalhealthtoolkit.com\/fr\/page-daccueil\/\" \/>\n<meta property=\"og:locale\" content=\"fr_FR\" \/>\n<meta property=\"og:type\" content=\"article\" \/>\n<meta property=\"og:title\" content=\"Bo\u00eete \u00e0 outils pour la sant\u00e9 mentale des \u00e9tudiants | Stigma-Free Society\" \/>\n<meta property=\"og:description\" content=\"Notre bo\u00eete \u00e0 outils pour la sant\u00e9 mentale des \u00e9l\u00e8ves contient des plans de le\u00e7ons sur le bien-\u00eatre mental qui s&#039;alignent sur les lignes directrices du programme d&#039;\u00e9tudes de la Colombie-Britannique. Le programme Toolkit est destin\u00e9 aux jeunes, aux \u00e9ducateurs, aux conseillers scolaires et aux parents\/tuteurs qui souhaitent enseigner et promouvoir le bien-\u00eatre mental dans les classes de 4e \u00e0 7e et de 8e \u00e0 12e ann\u00e9e.\" \/>\n<meta property=\"og:url\" content=\"https:\/\/studentmentalhealthtoolkit.com\/fr\/page-daccueil\/\" \/>\n<meta property=\"og:site_name\" content=\"Stigma-Free Student Mental Health Toolkit\" \/>\n<meta property=\"article:modified_time\" content=\"2024-12-12T17:14:17+00:00\" \/>\n<meta property=\"og:image\" content=\"https:\/\/studentmentalhealthtoolkit.com\/wp-content\/uploads\/2024\/06\/SFMH-logo-NEW-2024_-French-300x300.png\" \/>\n<meta name=\"twitter:card\" content=\"summary_large_image\" \/>\n<meta name=\"twitter:label1\" content=\"Dur\u00e9e de lecture estim\u00e9e\" \/>\n\t<meta name=\"twitter:data1\" content=\"1 minute\" \/>\n<script type=\"application\/ld+json\" class=\"yoast-schema-graph\">{\"@context\":\"https:\\\/\\\/schema.org\",\"@graph\":[{\"@type\":\"WebPage\",\"@id\":\"https:\\\/\\\/studentmentalhealthtoolkit.com\\\/fr\\\/page-daccueil\\\/\",\"url\":\"https:\\\/\\\/studentmentalhealthtoolkit.com\\\/fr\\\/page-daccueil\\\/\",\"name\":\"Bo\u00eete \u00e0 outils pour la sant\u00e9 mentale des \u00e9tudiants | Stigma-Free Society\",\"isPartOf\":{\"@id\":\"https:\\\/\\\/studentmentalhealthtoolkit.com\\\/#website\"},\"primaryImageOfPage\":{\"@id\":\"https:\\\/\\\/studentmentalhealthtoolkit.com\\\/fr\\\/page-daccueil\\\/#primaryimage\"},\"image\":{\"@id\":\"https:\\\/\\\/studentmentalhealthtoolkit.com\\\/fr\\\/page-daccueil\\\/#primaryimage\"},\"thumbnailUrl\":\"https:\\\/\\\/studentmentalhealthtoolkit.com\\\/wp-content\\\/uploads\\\/2024\\\/06\\\/SFMH-logo-NEW-2024_-French-300x300.png\",\"datePublished\":\"2020-09-29T18:31:03+00:00\",\"dateModified\":\"2024-12-12T17:14:17+00:00\",\"description\":\"Notre bo\u00eete \u00e0 outils pour la sant\u00e9 mentale des \u00e9l\u00e8ves contient des plans de le\u00e7ons sur le bien-\u00eatre mental qui s'alignent sur les lignes directrices du programme d'\u00e9tudes de la Colombie-Britannique. Le programme Toolkit est destin\u00e9 aux jeunes, aux \u00e9ducateurs, aux conseillers scolaires et aux parents\\\/tuteurs qui souhaitent enseigner et promouvoir le bien-\u00eatre mental dans les classes de 4e \u00e0 7e et de 8e \u00e0 12e ann\u00e9e.\",\"breadcrumb\":{\"@id\":\"https:\\\/\\\/studentmentalhealthtoolkit.com\\\/fr\\\/page-daccueil\\\/#breadcrumb\"},\"inLanguage\":\"fr-FR\",\"potentialAction\":[{\"@type\":\"ReadAction\",\"target\":[\"https:\\\/\\\/studentmentalhealthtoolkit.com\\\/fr\\\/page-daccueil\\\/\"]}]},{\"@type\":\"ImageObject\",\"inLanguage\":\"fr-FR\",\"@id\":\"https:\\\/\\\/studentmentalhealthtoolkit.com\\\/fr\\\/page-daccueil\\\/#primaryimage\",\"url\":\"https:\\\/\\\/studentmentalhealthtoolkit.com\\\/wp-content\\\/uploads\\\/2024\\\/06\\\/SFMH-logo-NEW-2024_-French-300x300.png\",\"contentUrl\":\"https:\\\/\\\/studentmentalhealthtoolkit.com\\\/wp-content\\\/uploads\\\/2024\\\/06\\\/SFMH-logo-NEW-2024_-French-300x300.png\"},{\"@type\":\"BreadcrumbList\",\"@id\":\"https:\\\/\\\/studentmentalhealthtoolkit.com\\\/fr\\\/page-daccueil\\\/#breadcrumb\",\"itemListElement\":[{\"@type\":\"ListItem\",\"position\":1,\"name\":\"Home\",\"item\":\"https:\\\/\\\/studentmentalhealthtoolkit.com\\\/fr\\\/page-daccueil\\\/\"},{\"@type\":\"ListItem\",\"position\":2,\"name\":\"Page d&#8217;accueil\"}]},{\"@type\":\"WebSite\",\"@id\":\"https:\\\/\\\/studentmentalhealthtoolkit.com\\\/#website\",\"url\":\"https:\\\/\\\/studentmentalhealthtoolkit.com\\\/\",\"name\":\"Stigma-Free Student Mental Health Toolkit\",\"description\":\"Stigma-Free Society\",\"potentialAction\":[{\"@type\":\"SearchAction\",\"target\":{\"@type\":\"EntryPoint\",\"urlTemplate\":\"https:\\\/\\\/studentmentalhealthtoolkit.com\\\/?s={search_term_string}\"},\"query-input\":{\"@type\":\"PropertyValueSpecification\",\"valueRequired\":true,\"valueName\":\"search_term_string\"}}],\"inLanguage\":\"fr-FR\"}]}<\/script>\n<!-- \/ Yoast SEO plugin. -->","yoast_head_json":{"title":"Bo\u00eete \u00e0 outils pour la sant\u00e9 mentale des \u00e9tudiants | Stigma-Free Society","description":"Notre bo\u00eete \u00e0 outils pour la sant\u00e9 mentale des \u00e9l\u00e8ves contient des plans de le\u00e7ons sur le bien-\u00eatre mental qui s'alignent sur les lignes directrices du programme d'\u00e9tudes de la Colombie-Britannique. Le programme Toolkit est destin\u00e9 aux jeunes, aux \u00e9ducateurs, aux conseillers scolaires et aux parents\/tuteurs qui souhaitent enseigner et promouvoir le bien-\u00eatre mental dans les classes de 4e \u00e0 7e et de 8e \u00e0 12e ann\u00e9e.","robots":{"index":"index","follow":"follow","max-snippet":"max-snippet:-1","max-image-preview":"max-image-preview:large","max-video-preview":"max-video-preview:-1"},"canonical":"https:\/\/studentmentalhealthtoolkit.com\/fr\/page-daccueil\/","og_locale":"fr_FR","og_type":"article","og_title":"Bo\u00eete \u00e0 outils pour la sant\u00e9 mentale des \u00e9tudiants | Stigma-Free Society","og_description":"Notre bo\u00eete \u00e0 outils pour la sant\u00e9 mentale des \u00e9l\u00e8ves contient des plans de le\u00e7ons sur le bien-\u00eatre mental qui s'alignent sur les lignes directrices du programme d'\u00e9tudes de la Colombie-Britannique. Le programme Toolkit est destin\u00e9 aux jeunes, aux \u00e9ducateurs, aux conseillers scolaires et aux parents\/tuteurs qui souhaitent enseigner et promouvoir le bien-\u00eatre mental dans les classes de 4e \u00e0 7e et de 8e \u00e0 12e ann\u00e9e.","og_url":"https:\/\/studentmentalhealthtoolkit.com\/fr\/page-daccueil\/","og_site_name":"Stigma-Free Student Mental Health Toolkit","article_modified_time":"2024-12-12T17:14:17+00:00","og_image":[{"url":"https:\/\/studentmentalhealthtoolkit.com\/wp-content\/uploads\/2024\/06\/SFMH-logo-NEW-2024_-French-300x300.png","type":"","width":"","height":""}],"twitter_card":"summary_large_image","twitter_misc":{"Dur\u00e9e de lecture estim\u00e9e":"1 minute"},"schema":{"@context":"https:\/\/schema.org","@graph":[{"@type":"WebPage","@id":"https:\/\/studentmentalhealthtoolkit.com\/fr\/page-daccueil\/","url":"https:\/\/studentmentalhealthtoolkit.com\/fr\/page-daccueil\/","name":"Bo\u00eete \u00e0 outils pour la sant\u00e9 mentale des \u00e9tudiants | Stigma-Free Society","isPartOf":{"@id":"https:\/\/studentmentalhealthtoolkit.com\/#website"},"primaryImageOfPage":{"@id":"https:\/\/studentmentalhealthtoolkit.com\/fr\/page-daccueil\/#primaryimage"},"image":{"@id":"https:\/\/studentmentalhealthtoolkit.com\/fr\/page-daccueil\/#primaryimage"},"thumbnailUrl":"https:\/\/studentmentalhealthtoolkit.com\/wp-content\/uploads\/2024\/06\/SFMH-logo-NEW-2024_-French-300x300.png","datePublished":"2020-09-29T18:31:03+00:00","dateModified":"2024-12-12T17:14:17+00:00","description":"Notre bo\u00eete \u00e0 outils pour la sant\u00e9 mentale des \u00e9l\u00e8ves contient des plans de le\u00e7ons sur le bien-\u00eatre mental qui s'alignent sur les lignes directrices du programme d'\u00e9tudes de la Colombie-Britannique. Le programme Toolkit est destin\u00e9 aux jeunes, aux \u00e9ducateurs, aux conseillers scolaires et aux parents\/tuteurs qui souhaitent enseigner et promouvoir le bien-\u00eatre mental dans les classes de 4e \u00e0 7e et de 8e \u00e0 12e ann\u00e9e.","breadcrumb":{"@id":"https:\/\/studentmentalhealthtoolkit.com\/fr\/page-daccueil\/#breadcrumb"},"inLanguage":"fr-FR","potentialAction":[{"@type":"ReadAction","target":["https:\/\/studentmentalhealthtoolkit.com\/fr\/page-daccueil\/"]}]},{"@type":"ImageObject","inLanguage":"fr-FR","@id":"https:\/\/studentmentalhealthtoolkit.com\/fr\/page-daccueil\/#primaryimage","url":"https:\/\/studentmentalhealthtoolkit.com\/wp-content\/uploads\/2024\/06\/SFMH-logo-NEW-2024_-French-300x300.png","contentUrl":"https:\/\/studentmentalhealthtoolkit.com\/wp-content\/uploads\/2024\/06\/SFMH-logo-NEW-2024_-French-300x300.png"},{"@type":"BreadcrumbList","@id":"https:\/\/studentmentalhealthtoolkit.com\/fr\/page-daccueil\/#breadcrumb","itemListElement":[{"@type":"ListItem","position":1,"name":"Home","item":"https:\/\/studentmentalhealthtoolkit.com\/fr\/page-daccueil\/"},{"@type":"ListItem","position":2,"name":"Page d&#8217;accueil"}]},{"@type":"WebSite","@id":"https:\/\/studentmentalhealthtoolkit.com\/#website","url":"https:\/\/studentmentalhealthtoolkit.com\/","name":"Stigma-Free Student Mental Health Toolkit","description":"Stigma-Free Society","potentialAction":[{"@type":"SearchAction","target":{"@type":"EntryPoint","urlTemplate":"https:\/\/studentmentalhealthtoolkit.com\/?s={search_term_string}"},"query-input":{"@type":"PropertyValueSpecification","valueRequired":true,"valueName":"search_term_string"}}],"inLanguage":"fr-FR"}]}},"_links":{"self":[{"href":"https:\/\/studentmentalhealthtoolkit.com\/fr\/wp-json\/wp\/v2\/pages\/7134","targetHints":{"allow":["GET"]}}],"collection":[{"href":"https:\/\/studentmentalhealthtoolkit.com\/fr\/wp-json\/wp\/v2\/pages"}],"about":[{"href":"https:\/\/studentmentalhealthtoolkit.com\/fr\/wp-json\/wp\/v2\/types\/page"}],"author":[{"embeddable":true,"href":"https:\/\/studentmentalhealthtoolkit.com\/fr\/wp-json\/wp\/v2\/users\/1"}],"replies":[{"embeddable":true,"href":"https:\/\/studentmentalhealthtoolkit.com\/fr\/wp-json\/wp\/v2\/comments?post=7134"}],"version-history":[{"count":51,"href":"https:\/\/studentmentalhealthtoolkit.com\/fr\/wp-json\/wp\/v2\/pages\/7134\/revisions"}],"predecessor-version":[{"id":11818,"href":"https:\/\/studentmentalhealthtoolkit.com\/fr\/wp-json\/wp\/v2\/pages\/7134\/revisions\/11818"}],"wp:attachment":[{"href":"https:\/\/studentmentalhealthtoolkit.com\/fr\/wp-json\/wp\/v2\/media?parent=7134"}],"curies":[{"name":"wp","href":"https:\/\/api.w.org\/{rel}","templated":true}]}}