{"id":6706,"date":"2021-12-03T17:52:02","date_gmt":"2021-12-04T01:52:02","guid":{"rendered":"https:\/\/studentmentalhealthtoolkit.com\/glossaire\/"},"modified":"2024-07-16T15:42:12","modified_gmt":"2024-07-16T22:42:12","slug":"glossaire","status":"publish","type":"page","link":"https:\/\/studentmentalhealthtoolkit.com\/fr\/glossaire\/","title":{"rendered":"Glossaire"},"content":{"rendered":"<p>Le glossaire sans stigmatisation permet aux gens d&rsquo;avoir le langage le plus inclusif lorsqu&rsquo;ils se r\u00e9f\u00e8rent \u00e0 une personne de leur communaut\u00e9. La Soci\u00e9t\u00e9 sans stigmatisation esp\u00e8re que cet outil p\u00e9dagogique permettra aux \u00e9l\u00e8ves et au personnel scolaire de mieux comprendre la terminologie la plus inclusive.<\/p>\n","protected":false},"excerpt":{"rendered":"<p>Le glossaire sans stigmatisation permet aux gens d&rsquo;avoir le langage le plus inclusif lorsqu&rsquo;ils se r\u00e9f\u00e8rent \u00e0 une personne de leur communaut\u00e9. La Soci\u00e9t\u00e9 sans stigmatisation esp\u00e8re que cet outil p\u00e9dagogique permettra aux \u00e9l\u00e8ves et au personnel scolaire de mieux comprendre la terminologie la plus inclusive.<\/p>\n","protected":false},"author":2,"featured_media":0,"parent":0,"menu_order":0,"comment_status":"closed","ping_status":"closed","template":"","meta":{"pmpro_default_level":"","_searchwp_excluded":"","_monsterinsights_skip_tracking":false,"_monsterinsights_sitenote_active":false,"_monsterinsights_sitenote_note":"","_monsterinsights_sitenote_category":0,"footnotes":"","_links_to":"","_links_to_target":""},"class_list":["post-6706","page","type-page","status-publish","hentry","pmpro-has-access"],"yoast_head":"<!-- This site is optimized with the Yoast SEO plugin v27.4 - https:\/\/yoast.com\/product\/yoast-seo-wordpress\/ -->\n<title>Glossaire - Stigma-Free Student Mental Health Toolkit<\/title>\n<meta name=\"robots\" content=\"index, follow, max-snippet:-1, max-image-preview:large, max-video-preview:-1\" \/>\n<link rel=\"canonical\" href=\"https:\/\/studentmentalhealthtoolkit.com\/fr\/glossaire\/\" \/>\n<meta property=\"og:locale\" content=\"fr_FR\" \/>\n<meta property=\"og:type\" content=\"article\" \/>\n<meta property=\"og:title\" content=\"Glossaire - Stigma-Free Student Mental Health Toolkit\" \/>\n<meta property=\"og:description\" content=\"Le glossaire sans stigmatisation permet aux gens d&#039;avoir le langage le plus inclusif lorsqu&#039;ils se r\u00e9f\u00e8rent \u00e0 une personne de leur communaut\u00e9. La Soci\u00e9t\u00e9 sans stigmatisation esp\u00e8re que cet outil p\u00e9dagogique permettra aux \u00e9l\u00e8ves et au personnel scolaire de mieux comprendre la terminologie la plus inclusive.\" \/>\n<meta property=\"og:url\" content=\"https:\/\/studentmentalhealthtoolkit.com\/fr\/glossaire\/\" \/>\n<meta property=\"og:site_name\" content=\"Stigma-Free Student Mental Health Toolkit\" \/>\n<meta property=\"article:modified_time\" content=\"2024-07-16T22:42:12+00:00\" \/>\n<meta property=\"og:image\" content=\"https:\/\/studentmentalhealthtoolkit.com\/wp-content\/uploads\/2020\/03\/facebook-logo.png\" \/>\n\t<meta property=\"og:image:width\" content=\"530\" \/>\n\t<meta property=\"og:image:height\" content=\"275\" \/>\n\t<meta property=\"og:image:type\" content=\"image\/png\" \/>\n<meta name=\"twitter:card\" content=\"summary_large_image\" \/>\n<meta name=\"twitter:label1\" content=\"Dur\u00e9e de lecture estim\u00e9e\" \/>\n\t<meta name=\"twitter:data1\" content=\"2 minutes\" \/>\n<script type=\"application\/ld+json\" class=\"yoast-schema-graph\">{\"@context\":\"https:\\\/\\\/schema.org\",\"@graph\":[{\"@type\":\"WebPage\",\"@id\":\"https:\\\/\\\/studentmentalhealthtoolkit.com\\\/fr\\\/glossaire\\\/\",\"url\":\"https:\\\/\\\/studentmentalhealthtoolkit.com\\\/fr\\\/glossaire\\\/\",\"name\":\"Glossaire - Stigma-Free Student Mental Health Toolkit\",\"isPartOf\":{\"@id\":\"https:\\\/\\\/studentmentalhealthtoolkit.com\\\/#website\"},\"datePublished\":\"2021-12-04T01:52:02+00:00\",\"dateModified\":\"2024-07-16T22:42:12+00:00\",\"breadcrumb\":{\"@id\":\"https:\\\/\\\/studentmentalhealthtoolkit.com\\\/fr\\\/glossaire\\\/#breadcrumb\"},\"inLanguage\":\"fr-FR\",\"potentialAction\":[{\"@type\":\"ReadAction\",\"target\":[\"https:\\\/\\\/studentmentalhealthtoolkit.com\\\/fr\\\/glossaire\\\/\"]}]},{\"@type\":\"BreadcrumbList\",\"@id\":\"https:\\\/\\\/studentmentalhealthtoolkit.com\\\/fr\\\/glossaire\\\/#breadcrumb\",\"itemListElement\":[{\"@type\":\"ListItem\",\"position\":1,\"name\":\"Home\",\"item\":\"https:\\\/\\\/studentmentalhealthtoolkit.com\\\/fr\\\/page-daccueil\\\/\"},{\"@type\":\"ListItem\",\"position\":2,\"name\":\"Glossaire\"}]},{\"@type\":\"WebSite\",\"@id\":\"https:\\\/\\\/studentmentalhealthtoolkit.com\\\/#website\",\"url\":\"https:\\\/\\\/studentmentalhealthtoolkit.com\\\/\",\"name\":\"Stigma-Free Student Mental Health Toolkit\",\"description\":\"Stigma-Free Society\",\"potentialAction\":[{\"@type\":\"SearchAction\",\"target\":{\"@type\":\"EntryPoint\",\"urlTemplate\":\"https:\\\/\\\/studentmentalhealthtoolkit.com\\\/?s={search_term_string}\"},\"query-input\":{\"@type\":\"PropertyValueSpecification\",\"valueRequired\":true,\"valueName\":\"search_term_string\"}}],\"inLanguage\":\"fr-FR\"}]}<\/script>\n<!-- \/ Yoast SEO plugin. -->","yoast_head_json":{"title":"Glossaire - Stigma-Free Student Mental Health Toolkit","robots":{"index":"index","follow":"follow","max-snippet":"max-snippet:-1","max-image-preview":"max-image-preview:large","max-video-preview":"max-video-preview:-1"},"canonical":"https:\/\/studentmentalhealthtoolkit.com\/fr\/glossaire\/","og_locale":"fr_FR","og_type":"article","og_title":"Glossaire - Stigma-Free Student Mental Health Toolkit","og_description":"Le glossaire sans stigmatisation permet aux gens d'avoir le langage le plus inclusif lorsqu'ils se r\u00e9f\u00e8rent \u00e0 une personne de leur communaut\u00e9. La Soci\u00e9t\u00e9 sans stigmatisation esp\u00e8re que cet outil p\u00e9dagogique permettra aux \u00e9l\u00e8ves et au personnel scolaire de mieux comprendre la terminologie la plus inclusive.","og_url":"https:\/\/studentmentalhealthtoolkit.com\/fr\/glossaire\/","og_site_name":"Stigma-Free Student Mental Health Toolkit","article_modified_time":"2024-07-16T22:42:12+00:00","og_image":[{"width":530,"height":275,"url":"https:\/\/studentmentalhealthtoolkit.com\/wp-content\/uploads\/2020\/03\/facebook-logo.png","type":"image\/png"}],"twitter_card":"summary_large_image","twitter_misc":{"Dur\u00e9e de lecture estim\u00e9e":"2 minutes"},"schema":{"@context":"https:\/\/schema.org","@graph":[{"@type":"WebPage","@id":"https:\/\/studentmentalhealthtoolkit.com\/fr\/glossaire\/","url":"https:\/\/studentmentalhealthtoolkit.com\/fr\/glossaire\/","name":"Glossaire - Stigma-Free Student Mental Health Toolkit","isPartOf":{"@id":"https:\/\/studentmentalhealthtoolkit.com\/#website"},"datePublished":"2021-12-04T01:52:02+00:00","dateModified":"2024-07-16T22:42:12+00:00","breadcrumb":{"@id":"https:\/\/studentmentalhealthtoolkit.com\/fr\/glossaire\/#breadcrumb"},"inLanguage":"fr-FR","potentialAction":[{"@type":"ReadAction","target":["https:\/\/studentmentalhealthtoolkit.com\/fr\/glossaire\/"]}]},{"@type":"BreadcrumbList","@id":"https:\/\/studentmentalhealthtoolkit.com\/fr\/glossaire\/#breadcrumb","itemListElement":[{"@type":"ListItem","position":1,"name":"Home","item":"https:\/\/studentmentalhealthtoolkit.com\/fr\/page-daccueil\/"},{"@type":"ListItem","position":2,"name":"Glossaire"}]},{"@type":"WebSite","@id":"https:\/\/studentmentalhealthtoolkit.com\/#website","url":"https:\/\/studentmentalhealthtoolkit.com\/","name":"Stigma-Free Student Mental Health Toolkit","description":"Stigma-Free Society","potentialAction":[{"@type":"SearchAction","target":{"@type":"EntryPoint","urlTemplate":"https:\/\/studentmentalhealthtoolkit.com\/?s={search_term_string}"},"query-input":{"@type":"PropertyValueSpecification","valueRequired":true,"valueName":"search_term_string"}}],"inLanguage":"fr-FR"}]}},"_links":{"self":[{"href":"https:\/\/studentmentalhealthtoolkit.com\/fr\/wp-json\/wp\/v2\/pages\/6706","targetHints":{"allow":["GET"]}}],"collection":[{"href":"https:\/\/studentmentalhealthtoolkit.com\/fr\/wp-json\/wp\/v2\/pages"}],"about":[{"href":"https:\/\/studentmentalhealthtoolkit.com\/fr\/wp-json\/wp\/v2\/types\/page"}],"author":[{"embeddable":true,"href":"https:\/\/studentmentalhealthtoolkit.com\/fr\/wp-json\/wp\/v2\/users\/2"}],"replies":[{"embeddable":true,"href":"https:\/\/studentmentalhealthtoolkit.com\/fr\/wp-json\/wp\/v2\/comments?post=6706"}],"version-history":[{"count":16,"href":"https:\/\/studentmentalhealthtoolkit.com\/fr\/wp-json\/wp\/v2\/pages\/6706\/revisions"}],"predecessor-version":[{"id":8786,"href":"https:\/\/studentmentalhealthtoolkit.com\/fr\/wp-json\/wp\/v2\/pages\/6706\/revisions\/8786"}],"wp:attachment":[{"href":"https:\/\/studentmentalhealthtoolkit.com\/fr\/wp-json\/wp\/v2\/media?parent=6706"}],"curies":[{"name":"wp","href":"https:\/\/api.w.org\/{rel}","templated":true}]}}