{"id":12022,"date":"2025-02-10T17:38:38","date_gmt":"2025-02-11T01:38:38","guid":{"rendered":"https:\/\/studentmentalhealthtoolkit.com\/?page_id=12022"},"modified":"2025-02-19T09:11:31","modified_gmt":"2025-02-19T17:11:31","slug":"plans-de-cours-8e-12e-public","status":"publish","type":"page","link":"https:\/\/studentmentalhealthtoolkit.com\/fr\/le-coin-des-ados\/plans-de-cours-8e-12e-public\/","title":{"rendered":"Plans de cours 8e &#8211; 12e public"},"content":{"rendered":"<p>L\u2019objectif de la Soci\u00e9t\u00e9 sans stigmatisation est de fournir autant de ressources, d\u2019outils et de strat\u00e9gies que possible pour encourager l\u2019\u00e9ducation au bien-\u00eatre mental. Dans cette section, vous trouverez des plans de cours d\u00e9taill\u00e9s qui s\u2019alignent sur le programme scolaire de la Colombie-Britannique et que les \u00e9ducateurs, \u00e9ducatrices, conseill\u00e8res et conseillers scolaires peuvent utiliser pour enseigner aux \u00e9l\u00e8ves les sujets de la sant\u00e9 mentale, la stigmatisation et l\u2019inclusion.<\/p>\n","protected":false},"excerpt":{"rendered":"<p>L\u2019objectif de la Soci\u00e9t\u00e9 sans stigmatisation est de fournir autant de ressources, d\u2019outils et de strat\u00e9gies que possible pour encourager l\u2019\u00e9ducation au bien-\u00eatre mental. Dans cette section, vous trouverez des plans de cours d\u00e9taill\u00e9s qui s\u2019alignent sur le programme scolaire de la Colombie-Britannique et que les \u00e9ducateurs, \u00e9ducatrices, conseill\u00e8res et conseillers scolaires peuvent utiliser pour enseigner aux \u00e9l\u00e8ves les sujets de la sant\u00e9 mentale, la stigmatisation et l\u2019inclusion.<\/p>\n","protected":false},"author":666,"featured_media":0,"parent":7355,"menu_order":0,"comment_status":"closed","ping_status":"closed","template":"","meta":{"pmpro_default_level":"","_searchwp_excluded":"","_monsterinsights_skip_tracking":false,"_monsterinsights_sitenote_active":false,"_monsterinsights_sitenote_note":"","_monsterinsights_sitenote_category":0,"footnotes":"","_links_to":"","_links_to_target":""},"class_list":["post-12022","page","type-page","status-publish","hentry","pmpro-has-access"],"yoast_head":"<!-- This site is optimized with the Yoast SEO plugin v27.4 - https:\/\/yoast.com\/product\/yoast-seo-wordpress\/ -->\n<title>Plans de cours 8e - 12e public - Stigma-Free Student Mental Health Toolkit<\/title>\n<meta name=\"robots\" content=\"index, follow, max-snippet:-1, max-image-preview:large, max-video-preview:-1\" \/>\n<link rel=\"canonical\" href=\"https:\/\/studentmentalhealthtoolkit.com\/fr\/le-coin-des-ados\/plans-de-cours-8e-12e-public\/\" \/>\n<meta property=\"og:locale\" content=\"fr_FR\" \/>\n<meta property=\"og:type\" content=\"article\" \/>\n<meta property=\"og:title\" content=\"Plans de cours 8e - 12e public - Stigma-Free Student Mental Health Toolkit\" \/>\n<meta property=\"og:description\" content=\"L\u2019objectif de la Soci\u00e9t\u00e9 sans stigmatisation est de fournir autant de ressources, d\u2019outils et de strat\u00e9gies que possible pour encourager l\u2019\u00e9ducation au bien-\u00eatre mental. Dans cette section, vous trouverez des plans de cours d\u00e9taill\u00e9s qui s\u2019alignent sur le programme scolaire de la Colombie-Britannique et que les \u00e9ducateurs, \u00e9ducatrices, conseill\u00e8res et conseillers scolaires peuvent utiliser pour enseigner aux \u00e9l\u00e8ves les sujets de la sant\u00e9 mentale, la stigmatisation et l\u2019inclusion.\" \/>\n<meta property=\"og:url\" content=\"https:\/\/studentmentalhealthtoolkit.com\/fr\/le-coin-des-ados\/plans-de-cours-8e-12e-public\/\" \/>\n<meta property=\"og:site_name\" content=\"Stigma-Free Student Mental Health Toolkit\" \/>\n<meta property=\"article:modified_time\" content=\"2025-02-19T17:11:31+00:00\" \/>\n<meta property=\"og:image\" content=\"https:\/\/studentmentalhealthtoolkit.com\/wp-content\/uploads\/2025\/02\/BC-FR-LP-8-12-Placeholder-1030x513.png\" \/>\n<meta name=\"twitter:card\" content=\"summary_large_image\" \/>\n<meta name=\"twitter:label1\" content=\"Dur\u00e9e de lecture estim\u00e9e\" \/>\n\t<meta name=\"twitter:data1\" content=\"3 minutes\" \/>\n<script type=\"application\/ld+json\" class=\"yoast-schema-graph\">{\"@context\":\"https:\\\/\\\/schema.org\",\"@graph\":[{\"@type\":\"WebPage\",\"@id\":\"https:\\\/\\\/studentmentalhealthtoolkit.com\\\/fr\\\/le-coin-des-ados\\\/plans-de-cours-8e-12e-public\\\/\",\"url\":\"https:\\\/\\\/studentmentalhealthtoolkit.com\\\/fr\\\/le-coin-des-ados\\\/plans-de-cours-8e-12e-public\\\/\",\"name\":\"Plans de cours 8e - 12e public - Stigma-Free Student Mental Health Toolkit\",\"isPartOf\":{\"@id\":\"https:\\\/\\\/studentmentalhealthtoolkit.com\\\/#website\"},\"primaryImageOfPage\":{\"@id\":\"https:\\\/\\\/studentmentalhealthtoolkit.com\\\/fr\\\/le-coin-des-ados\\\/plans-de-cours-8e-12e-public\\\/#primaryimage\"},\"image\":{\"@id\":\"https:\\\/\\\/studentmentalhealthtoolkit.com\\\/fr\\\/le-coin-des-ados\\\/plans-de-cours-8e-12e-public\\\/#primaryimage\"},\"thumbnailUrl\":\"https:\\\/\\\/studentmentalhealthtoolkit.com\\\/wp-content\\\/uploads\\\/2025\\\/02\\\/BC-FR-LP-8-12-Placeholder-1030x513.png\",\"datePublished\":\"2025-02-11T01:38:38+00:00\",\"dateModified\":\"2025-02-19T17:11:31+00:00\",\"breadcrumb\":{\"@id\":\"https:\\\/\\\/studentmentalhealthtoolkit.com\\\/fr\\\/le-coin-des-ados\\\/plans-de-cours-8e-12e-public\\\/#breadcrumb\"},\"inLanguage\":\"fr-FR\",\"potentialAction\":[{\"@type\":\"ReadAction\",\"target\":[\"https:\\\/\\\/studentmentalhealthtoolkit.com\\\/fr\\\/le-coin-des-ados\\\/plans-de-cours-8e-12e-public\\\/\"]}]},{\"@type\":\"ImageObject\",\"inLanguage\":\"fr-FR\",\"@id\":\"https:\\\/\\\/studentmentalhealthtoolkit.com\\\/fr\\\/le-coin-des-ados\\\/plans-de-cours-8e-12e-public\\\/#primaryimage\",\"url\":\"https:\\\/\\\/studentmentalhealthtoolkit.com\\\/wp-content\\\/uploads\\\/2025\\\/02\\\/BC-FR-LP-8-12-Placeholder-1030x513.png\",\"contentUrl\":\"https:\\\/\\\/studentmentalhealthtoolkit.com\\\/wp-content\\\/uploads\\\/2025\\\/02\\\/BC-FR-LP-8-12-Placeholder-1030x513.png\"},{\"@type\":\"BreadcrumbList\",\"@id\":\"https:\\\/\\\/studentmentalhealthtoolkit.com\\\/fr\\\/le-coin-des-ados\\\/plans-de-cours-8e-12e-public\\\/#breadcrumb\",\"itemListElement\":[{\"@type\":\"ListItem\",\"position\":1,\"name\":\"Home\",\"item\":\"https:\\\/\\\/studentmentalhealthtoolkit.com\\\/fr\\\/page-daccueil\\\/\"},{\"@type\":\"ListItem\",\"position\":2,\"name\":\"Le coin des ados\",\"item\":\"https:\\\/\\\/studentmentalhealthtoolkit.com\\\/fr\\\/le-coin-des-ados\\\/\"},{\"@type\":\"ListItem\",\"position\":3,\"name\":\"Plans de cours 8e &#8211; 12e public\"}]},{\"@type\":\"WebSite\",\"@id\":\"https:\\\/\\\/studentmentalhealthtoolkit.com\\\/#website\",\"url\":\"https:\\\/\\\/studentmentalhealthtoolkit.com\\\/\",\"name\":\"Stigma-Free Student Mental Health Toolkit\",\"description\":\"Stigma-Free Society\",\"potentialAction\":[{\"@type\":\"SearchAction\",\"target\":{\"@type\":\"EntryPoint\",\"urlTemplate\":\"https:\\\/\\\/studentmentalhealthtoolkit.com\\\/?s={search_term_string}\"},\"query-input\":{\"@type\":\"PropertyValueSpecification\",\"valueRequired\":true,\"valueName\":\"search_term_string\"}}],\"inLanguage\":\"fr-FR\"}]}<\/script>\n<!-- \/ Yoast SEO plugin. -->","yoast_head_json":{"title":"Plans de cours 8e - 12e public - Stigma-Free Student Mental Health Toolkit","robots":{"index":"index","follow":"follow","max-snippet":"max-snippet:-1","max-image-preview":"max-image-preview:large","max-video-preview":"max-video-preview:-1"},"canonical":"https:\/\/studentmentalhealthtoolkit.com\/fr\/le-coin-des-ados\/plans-de-cours-8e-12e-public\/","og_locale":"fr_FR","og_type":"article","og_title":"Plans de cours 8e - 12e public - Stigma-Free Student Mental Health Toolkit","og_description":"L\u2019objectif de la Soci\u00e9t\u00e9 sans stigmatisation est de fournir autant de ressources, d\u2019outils et de strat\u00e9gies que possible pour encourager l\u2019\u00e9ducation au bien-\u00eatre mental. Dans cette section, vous trouverez des plans de cours d\u00e9taill\u00e9s qui s\u2019alignent sur le programme scolaire de la Colombie-Britannique et que les \u00e9ducateurs, \u00e9ducatrices, conseill\u00e8res et conseillers scolaires peuvent utiliser pour enseigner aux \u00e9l\u00e8ves les sujets de la sant\u00e9 mentale, la stigmatisation et l\u2019inclusion.","og_url":"https:\/\/studentmentalhealthtoolkit.com\/fr\/le-coin-des-ados\/plans-de-cours-8e-12e-public\/","og_site_name":"Stigma-Free Student Mental Health Toolkit","article_modified_time":"2025-02-19T17:11:31+00:00","og_image":[{"url":"https:\/\/studentmentalhealthtoolkit.com\/wp-content\/uploads\/2025\/02\/BC-FR-LP-8-12-Placeholder-1030x513.png","type":"","width":"","height":""}],"twitter_card":"summary_large_image","twitter_misc":{"Dur\u00e9e de lecture estim\u00e9e":"3 minutes"},"schema":{"@context":"https:\/\/schema.org","@graph":[{"@type":"WebPage","@id":"https:\/\/studentmentalhealthtoolkit.com\/fr\/le-coin-des-ados\/plans-de-cours-8e-12e-public\/","url":"https:\/\/studentmentalhealthtoolkit.com\/fr\/le-coin-des-ados\/plans-de-cours-8e-12e-public\/","name":"Plans de cours 8e - 12e public - Stigma-Free Student Mental Health Toolkit","isPartOf":{"@id":"https:\/\/studentmentalhealthtoolkit.com\/#website"},"primaryImageOfPage":{"@id":"https:\/\/studentmentalhealthtoolkit.com\/fr\/le-coin-des-ados\/plans-de-cours-8e-12e-public\/#primaryimage"},"image":{"@id":"https:\/\/studentmentalhealthtoolkit.com\/fr\/le-coin-des-ados\/plans-de-cours-8e-12e-public\/#primaryimage"},"thumbnailUrl":"https:\/\/studentmentalhealthtoolkit.com\/wp-content\/uploads\/2025\/02\/BC-FR-LP-8-12-Placeholder-1030x513.png","datePublished":"2025-02-11T01:38:38+00:00","dateModified":"2025-02-19T17:11:31+00:00","breadcrumb":{"@id":"https:\/\/studentmentalhealthtoolkit.com\/fr\/le-coin-des-ados\/plans-de-cours-8e-12e-public\/#breadcrumb"},"inLanguage":"fr-FR","potentialAction":[{"@type":"ReadAction","target":["https:\/\/studentmentalhealthtoolkit.com\/fr\/le-coin-des-ados\/plans-de-cours-8e-12e-public\/"]}]},{"@type":"ImageObject","inLanguage":"fr-FR","@id":"https:\/\/studentmentalhealthtoolkit.com\/fr\/le-coin-des-ados\/plans-de-cours-8e-12e-public\/#primaryimage","url":"https:\/\/studentmentalhealthtoolkit.com\/wp-content\/uploads\/2025\/02\/BC-FR-LP-8-12-Placeholder-1030x513.png","contentUrl":"https:\/\/studentmentalhealthtoolkit.com\/wp-content\/uploads\/2025\/02\/BC-FR-LP-8-12-Placeholder-1030x513.png"},{"@type":"BreadcrumbList","@id":"https:\/\/studentmentalhealthtoolkit.com\/fr\/le-coin-des-ados\/plans-de-cours-8e-12e-public\/#breadcrumb","itemListElement":[{"@type":"ListItem","position":1,"name":"Home","item":"https:\/\/studentmentalhealthtoolkit.com\/fr\/page-daccueil\/"},{"@type":"ListItem","position":2,"name":"Le coin des ados","item":"https:\/\/studentmentalhealthtoolkit.com\/fr\/le-coin-des-ados\/"},{"@type":"ListItem","position":3,"name":"Plans de cours 8e &#8211; 12e public"}]},{"@type":"WebSite","@id":"https:\/\/studentmentalhealthtoolkit.com\/#website","url":"https:\/\/studentmentalhealthtoolkit.com\/","name":"Stigma-Free Student Mental Health Toolkit","description":"Stigma-Free Society","potentialAction":[{"@type":"SearchAction","target":{"@type":"EntryPoint","urlTemplate":"https:\/\/studentmentalhealthtoolkit.com\/?s={search_term_string}"},"query-input":{"@type":"PropertyValueSpecification","valueRequired":true,"valueName":"search_term_string"}}],"inLanguage":"fr-FR"}]}},"_links":{"self":[{"href":"https:\/\/studentmentalhealthtoolkit.com\/fr\/wp-json\/wp\/v2\/pages\/12022","targetHints":{"allow":["GET"]}}],"collection":[{"href":"https:\/\/studentmentalhealthtoolkit.com\/fr\/wp-json\/wp\/v2\/pages"}],"about":[{"href":"https:\/\/studentmentalhealthtoolkit.com\/fr\/wp-json\/wp\/v2\/types\/page"}],"author":[{"embeddable":true,"href":"https:\/\/studentmentalhealthtoolkit.com\/fr\/wp-json\/wp\/v2\/users\/666"}],"replies":[{"embeddable":true,"href":"https:\/\/studentmentalhealthtoolkit.com\/fr\/wp-json\/wp\/v2\/comments?post=12022"}],"version-history":[{"count":6,"href":"https:\/\/studentmentalhealthtoolkit.com\/fr\/wp-json\/wp\/v2\/pages\/12022\/revisions"}],"predecessor-version":[{"id":12055,"href":"https:\/\/studentmentalhealthtoolkit.com\/fr\/wp-json\/wp\/v2\/pages\/12022\/revisions\/12055"}],"up":[{"embeddable":true,"href":"https:\/\/studentmentalhealthtoolkit.com\/fr\/wp-json\/wp\/v2\/pages\/7355"}],"wp:attachment":[{"href":"https:\/\/studentmentalhealthtoolkit.com\/fr\/wp-json\/wp\/v2\/media?parent=12022"}],"curies":[{"name":"wp","href":"https:\/\/api.w.org\/{rel}","templated":true}]}}